{"id":8416,"date":"2023-03-31T07:57:06","date_gmt":"2023-03-31T07:57:06","guid":{"rendered":"https:\/\/visitbodo.com\/?page_id=8416"},"modified":"2023-03-31T07:57:07","modified_gmt":"2023-03-31T07:57:07","slug":"saltenkonferansen","status":"publish","type":"page","link":"https:\/\/visitbodo.com\/bransjenett\/saltenkonferansen\/","title":{"rendered":"Saltenkonferansen 2023"},"content":{"rendered":"\n\t<div style=\"--t2-hero-dim:0.5;\" class=\"t2-hero t2-hero-content-position-center-center t2-hero-has-dim-50 t2-hero-has-fullsize-image alignfull wp-block-t2-hero\">\n\t\t<img loading=\"lazy\" decoding=\"async\" width=\"1920\" height=\"1286\" src=\"https:\/\/v.imgi.no\/visitbodo-7373-707b7349d17c52c53185a5dc9632d94b-1920x1286\/2023_01_image-4.jpg\" class=\"t2-hero__image\" alt=\"\" style=\"object-position: 50% 50%;\" srcset=\"https:\/\/v.imgi.no\/visitbodo-7373-707b7349d17c52c53185a5dc9632d94b-150x100\/2023_01_image-4.jpg 150w, https:\/\/v.imgi.no\/visitbodo-7373-707b7349d17c52c53185a5dc9632d94b-300x201\/2023_01_image-4.jpg 300w, https:\/\/v.imgi.no\/visitbodo-7373-707b7349d17c52c53185a5dc9632d94b-768x514\/2023_01_image-4.jpg 768w, https:\/\/v.imgi.no\/visitbodo-7373-707b7349d17c52c53185a5dc9632d94b-1024x686\/2023_01_image-4.jpg 1024w, https:\/\/v.imgi.no\/visitbodo-7373-707b7349d17c52c53185a5dc9632d94b-1536x1029\/2023_01_image-4.jpg 1536w, https:\/\/v.imgi.no\/visitbodo-7373-707b7349d17c52c53185a5dc9632d94b-2048x1372\/2023_01_image-4.jpg 2048w, https:\/\/v.imgi.no\/visitbodo-7373-707b7349d17c52c53185a5dc9632d94b-1176x787\/2023_01_image-4.jpg 1176w, https:\/\/v.imgi.no\/visitbodo-7373-707b7349d17c52c53185a5dc9632d94b-1920x1286\/2023_01_image-4.jpg 1920w\" sizes=\"auto, (max-width: 2048px) 100vw, 2048px\" \/>\n\t\t<div class=\"t2-hero__header\"><div class=\"t2-hero__header__content\">\n<h1 class=\"has-text-align-center alignwide wp-block-post-title\">Saltenkonferansen 2023<\/h1>\n\n\n<p class=\"wp-block-paragraph\">Her finner presentasjoner og annen info fra \u00e5rets Saltenkonferanse.<\/p>\n\n\n\n<div class=\"wp-block-buttons is-layout-flex wp-block-buttons-is-layout-flex\"><\/div>\n\n<\/div><\/div>\n\t<\/div>\n\n\n<div class=\"wp-block-buttons alignwide is-layout-flex wp-block-buttons-is-layout-flex\">\n<div class=\"wp-block-button aligncenter\"><a class=\"wp-block-button__link\" href=\"https:\/\/saltenkonferansen.no\/program\/\">Program \u00e5rets konferanse<\/a><\/div>\n<\/div>\n\n\n\n<h2 class=\"wp-block-heading has-primary-pink-color has-text-color\" id=\"h-presentasjoner\">Presentasjoner<\/h2>\n\n\n<ul class=\"t2-link-list has-2-items has-auto-columns wp-block-t2-link-list\">\n\t<li class=\"t2-link-list-item wp-block-t2-link-list-item\">\n\t\t<a\n\t\t\thref=\"https:\/\/www.dropbox.com\/scl\/fi\/mkd9ps8dtxbhso4kr1qm3\/Dag-1-Saltenkonferansen.pptx?dl=0&#038;rlkey=22p4xreg8klqtol0hrpn7x8e1\"\n\t\t\tclass=\"t2-link-list-item__link t2-link-list__icon--left\"\n\t\t\trel=\"noreferrer noopener\" target=\"_blank\"\t\t>\n\t\t\t<span class=\"t2-link-list-item__icon\"><span class=\"t2-link-list-item__icon-box\"><\/span><svg xmlns=\"http:\/\/www.w3.org\/2000\/svg\" viewBox=\"0 0 24 24\" height=\"24\" width=\"24\" class=\"t2-icon t2-icon-linkexternal\" aria-hidden=\"true\" focusable=\"false\"><path d=\"M5 21c-.5 0-1-.2-1.4-.6S3 19.6 3 19V5c0-.6.2-1 .6-1.4S4.5 3 5 3h6c.3 0 .5.1.7.3.2.2.3.4.3.7 0 .3-.1.5-.3.7-.2.2-.4.3-.7.3H5v14h14v-6c0-.3.1-.5.3-.7.2-.2.4-.3.7-.3s.5.1.7.3c.2.2.3.4.3.7v6c0 .6-.2 1-.6 1.4s-.8.6-1.4.6H5zm4-6c-.2-.2-.3-.4-.3-.7s.1-.5.3-.7L17.6 5H15c-.3 0-.5-.1-.7-.3-.2-.2-.3-.4-.3-.7 0-.3.1-.5.3-.7.2-.2.4-.3.7-.3h5c.3 0 .5.1.7.3.2.2.3.4.3.7v5c0 .3-.1.5-.3.7-.2.2-.4.3-.7.3s-.5-.1-.7-.3c-.2-.2-.3-.4-.3-.7V6.4L10.4 15c-.2.2-.4.3-.7.3s-.5-.1-.7-.3z\" fill=\"currentColor\" \/><\/svg><\/span>\t\t\t<div class=\"t2-link-list-item__content\">\n\n\t\t\t\t\n\t\t\t\t<span id=\"link-list-item-text\" class=\"t2-link-list-item__text\">\n\t\t\t\t\tPresentasjoner Saltenkonferansen dag 1\t\t\t\t<\/span>\n\t\t\t\t<span id=\"link-list-item-description\" class=\"t2-link-list-item__description\">Her finner du presentasjoner for dag 1 p\u00e5 Saltenkonferansen<\/span>\t\t\t<\/div>\n\t\t<\/a>\n\t<\/li>\n\t\n\n\t<li class=\"t2-link-list-item wp-block-t2-link-list-item\">\n\t\t<a\n\t\t\thref=\"https:\/\/www.dropbox.com\/scl\/fi\/fzt5wt0mt2lyi2eybn84n\/Dag-2-Saltenkonferansen.pptx?dl=0&#038;rlkey=axnuoxnpywly3s90m4hj9n7lh\"\n\t\t\tclass=\"t2-link-list-item__link t2-link-list__icon--left\"\n\t\t\trel=\"noreferrer noopener\" target=\"_blank\"\t\t>\n\t\t\t<span class=\"t2-link-list-item__icon\"><span class=\"t2-link-list-item__icon-box\"><\/span><svg xmlns=\"http:\/\/www.w3.org\/2000\/svg\" viewBox=\"0 0 24 24\" height=\"24\" width=\"24\" class=\"t2-icon t2-icon-linkexternal\" aria-hidden=\"true\" focusable=\"false\"><path d=\"M5 21c-.5 0-1-.2-1.4-.6S3 19.6 3 19V5c0-.6.2-1 .6-1.4S4.5 3 5 3h6c.3 0 .5.1.7.3.2.2.3.4.3.7 0 .3-.1.5-.3.7-.2.2-.4.3-.7.3H5v14h14v-6c0-.3.1-.5.3-.7.2-.2.4-.3.7-.3s.5.1.7.3c.2.2.3.4.3.7v6c0 .6-.2 1-.6 1.4s-.8.6-1.4.6H5zm4-6c-.2-.2-.3-.4-.3-.7s.1-.5.3-.7L17.6 5H15c-.3 0-.5-.1-.7-.3-.2-.2-.3-.4-.3-.7 0-.3.1-.5.3-.7.2-.2.4-.3.7-.3h5c.3 0 .5.1.7.3.2.2.3.4.3.7v5c0 .3-.1.5-.3.7-.2.2-.4.3-.7.3s-.5-.1-.7-.3c-.2-.2-.3-.4-.3-.7V6.4L10.4 15c-.2.2-.4.3-.7.3s-.5-.1-.7-.3z\" fill=\"currentColor\" \/><\/svg><\/span>\t\t\t<div class=\"t2-link-list-item__content\">\n\n\t\t\t\t\n\t\t\t\t<span id=\"link-list-item-text-1\" class=\"t2-link-list-item__text\">\n\t\t\t\t\tPresentasjoner Saltenkonferasen dag 2\t\t\t\t<\/span>\n\t\t\t\t<span id=\"link-list-item-description-1\" class=\"t2-link-list-item__description\">Her finner du presentasjoner for dag 2 p\u00e5 Saltenkonferansen<\/span>\t\t\t<\/div>\n\t\t<\/a>\n\t<\/li>\n\t\n<\/ul>","protected":false},"excerpt":{"rendered":"<p>Presentasjoner<\/p>\n","protected":false},"author":11,"featured_media":0,"parent":0,"menu_order":0,"comment_status":"closed","ping_status":"closed","template":"","meta":{"_trash_the_other_posts":false,"t2_hide_was_this_helpful":false,"vlb_sustainable_destination_logo":false,"vlb_green_travel_logo":false,"vlb_location_geodata_lat":0,"vlb_location_geodata_lng":0,"editor_notices":[],"footnotes":""},"cbis_category":[],"cbis_attribute":[],"destination_cat":[],"season_cat":[],"topic_cat":[],"target-audience":[],"class_list":["post-8416","page","type-page","status-publish","hentry"],"yoast_head":"<!-- This site is optimized with the Yoast SEO Premium plugin v21.9 (Yoast SEO v21.9.1) - https:\/\/yoast.com\/wordpress\/plugins\/seo\/ -->\n<title>Saltenkonferansen 2023 - Bransjenett<\/title>\n<meta name=\"robots\" content=\"index, follow, max-snippet:-1, max-image-preview:large, max-video-preview:-1\" \/>\n<link rel=\"canonical\" href=\"https:\/\/visitbodo.com\/bransjenett\/saltenkonferansen\/\" \/>\n<meta property=\"og:locale\" content=\"nb_NO\" \/>\n<meta property=\"og:type\" content=\"article\" \/>\n<meta property=\"og:title\" content=\"Saltenkonferansen 2023\" \/>\n<meta property=\"og:description\" content=\"Presentasjoner\" \/>\n<meta property=\"og:url\" content=\"https:\/\/visitbodo.com\/bransjenett\/saltenkonferansen\/\" \/>\n<meta property=\"og:site_name\" content=\"Bransjenett\" \/>\n<meta property=\"article:modified_time\" content=\"2023-03-31T07:57:07+00:00\" \/>\n<meta name=\"twitter:card\" content=\"summary_large_image\" \/>\n<meta name=\"twitter:label1\" content=\"Ansl. lesetid\" \/>\n\t<meta name=\"twitter:data1\" content=\"1 minutt\" \/>\n<script type=\"application\/ld+json\" class=\"yoast-schema-graph\">{\"@context\":\"https:\/\/schema.org\",\"@graph\":[{\"@type\":\"WebPage\",\"@id\":\"https:\/\/visitbodo.com\/bransjenett\/saltenkonferansen\/\",\"url\":\"https:\/\/visitbodo.com\/bransjenett\/saltenkonferansen\/\",\"name\":\"Saltenkonferansen 2023 - Bransjenett\",\"isPartOf\":{\"@id\":\"https:\/\/visitbodo.com\/bransjenett\/#website\"},\"datePublished\":\"2023-03-31T07:57:06+00:00\",\"dateModified\":\"2023-03-31T07:57:07+00:00\",\"breadcrumb\":{\"@id\":\"https:\/\/visitbodo.com\/bransjenett\/saltenkonferansen\/#breadcrumb\"},\"inLanguage\":\"nb-NO\",\"potentialAction\":[{\"@type\":\"ReadAction\",\"target\":[\"https:\/\/visitbodo.com\/bransjenett\/saltenkonferansen\/\"]}]},{\"@type\":\"BreadcrumbList\",\"@id\":\"https:\/\/visitbodo.com\/bransjenett\/saltenkonferansen\/#breadcrumb\",\"itemListElement\":[{\"@type\":\"ListItem\",\"position\":1,\"name\":\"Home\",\"item\":\"https:\/\/visitbodo.com\/bransjenett\/\"},{\"@type\":\"ListItem\",\"position\":2,\"name\":\"Saltenkonferansen 2023\"}]},{\"@type\":\"WebSite\",\"@id\":\"https:\/\/visitbodo.com\/bransjenett\/#website\",\"url\":\"https:\/\/visitbodo.com\/bransjenett\/\",\"name\":\"Bransjenett\",\"description\":\"Visit Bod\u00f8 Bransjenett - for reiselivsn\u00e6ringen i Bod\u00f8 &amp; Salten\",\"publisher\":{\"@id\":\"https:\/\/visitbodo.com\/bransjenett\/#organization\"},\"potentialAction\":[{\"@type\":\"SearchAction\",\"target\":{\"@type\":\"EntryPoint\",\"urlTemplate\":\"https:\/\/visitbodo.com\/bransjenett\/?s={search_term_string}\"},\"query-input\":\"required name=search_term_string\"}],\"inLanguage\":\"nb-NO\"},{\"@type\":\"Organization\",\"@id\":\"https:\/\/visitbodo.com\/bransjenett\/#organization\",\"name\":\"Bransjenett\",\"url\":\"https:\/\/visitbodo.com\/bransjenett\/\",\"logo\":{\"@type\":\"ImageObject\",\"inLanguage\":\"nb-NO\",\"@id\":\"https:\/\/visitbodo.com\/bransjenett\/#\/schema\/logo\/image\/\",\"url\":\"https:\/\/v.imgi.no\/visitbodo-16257-d30ee3fec75d9ae0d56e1a07ec7663ca-330x159\/logo_winter_negative.jpg\",\"contentUrl\":\"https:\/\/v.imgi.no\/visitbodo-16257-d30ee3fec75d9ae0d56e1a07ec7663ca-330x159\/logo_winter_negative.jpg\",\"caption\":\"Bransjenett\"},\"image\":{\"@id\":\"https:\/\/visitbodo.com\/bransjenett\/#\/schema\/logo\/image\/\"}}]}<\/script>\n<!-- \/ Yoast SEO Premium plugin. -->","yoast_head_json":{"title":"Saltenkonferansen 2023 - Bransjenett","robots":{"index":"index","follow":"follow","max-snippet":"max-snippet:-1","max-image-preview":"max-image-preview:large","max-video-preview":"max-video-preview:-1"},"canonical":"https:\/\/visitbodo.com\/bransjenett\/saltenkonferansen\/","og_locale":"nb_NO","og_type":"article","og_title":"Saltenkonferansen 2023","og_description":"Presentasjoner","og_url":"https:\/\/visitbodo.com\/bransjenett\/saltenkonferansen\/","og_site_name":"Bransjenett","article_modified_time":"2023-03-31T07:57:07+00:00","twitter_card":"summary_large_image","twitter_misc":{"Ansl. lesetid":"1 minutt"},"schema":{"@context":"https:\/\/schema.org","@graph":[{"@type":"WebPage","@id":"https:\/\/visitbodo.com\/bransjenett\/saltenkonferansen\/","url":"https:\/\/visitbodo.com\/bransjenett\/saltenkonferansen\/","name":"Saltenkonferansen 2023 - Bransjenett","isPartOf":{"@id":"https:\/\/visitbodo.com\/bransjenett\/#website"},"datePublished":"2023-03-31T07:57:06+00:00","dateModified":"2023-03-31T07:57:07+00:00","breadcrumb":{"@id":"https:\/\/visitbodo.com\/bransjenett\/saltenkonferansen\/#breadcrumb"},"inLanguage":"nb-NO","potentialAction":[{"@type":"ReadAction","target":["https:\/\/visitbodo.com\/bransjenett\/saltenkonferansen\/"]}]},{"@type":"BreadcrumbList","@id":"https:\/\/visitbodo.com\/bransjenett\/saltenkonferansen\/#breadcrumb","itemListElement":[{"@type":"ListItem","position":1,"name":"Home","item":"https:\/\/visitbodo.com\/bransjenett\/"},{"@type":"ListItem","position":2,"name":"Saltenkonferansen 2023"}]},{"@type":"WebSite","@id":"https:\/\/visitbodo.com\/bransjenett\/#website","url":"https:\/\/visitbodo.com\/bransjenett\/","name":"Bransjenett","description":"Visit Bod\u00f8 Bransjenett - for reiselivsn\u00e6ringen i Bod\u00f8 &amp; Salten","publisher":{"@id":"https:\/\/visitbodo.com\/bransjenett\/#organization"},"potentialAction":[{"@type":"SearchAction","target":{"@type":"EntryPoint","urlTemplate":"https:\/\/visitbodo.com\/bransjenett\/?s={search_term_string}"},"query-input":"required name=search_term_string"}],"inLanguage":"nb-NO"},{"@type":"Organization","@id":"https:\/\/visitbodo.com\/bransjenett\/#organization","name":"Bransjenett","url":"https:\/\/visitbodo.com\/bransjenett\/","logo":{"@type":"ImageObject","inLanguage":"nb-NO","@id":"https:\/\/visitbodo.com\/bransjenett\/#\/schema\/logo\/image\/","url":"https:\/\/v.imgi.no\/visitbodo-16257-d30ee3fec75d9ae0d56e1a07ec7663ca-330x159\/logo_winter_negative.jpg","contentUrl":"https:\/\/v.imgi.no\/visitbodo-16257-d30ee3fec75d9ae0d56e1a07ec7663ca-330x159\/logo_winter_negative.jpg","caption":"Bransjenett"},"image":{"@id":"https:\/\/visitbodo.com\/bransjenett\/#\/schema\/logo\/image\/"}}]}},"_links":{"self":[{"href":"https:\/\/visitbodo.com\/bransjenett\/wp-json\/wp\/v2\/pages\/8416","targetHints":{"allow":["GET"]}}],"collection":[{"href":"https:\/\/visitbodo.com\/bransjenett\/wp-json\/wp\/v2\/pages"}],"about":[{"href":"https:\/\/visitbodo.com\/bransjenett\/wp-json\/wp\/v2\/types\/page"}],"author":[{"embeddable":true,"href":"https:\/\/visitbodo.com\/bransjenett\/wp-json\/wp\/v2\/users\/11"}],"replies":[{"embeddable":true,"href":"https:\/\/visitbodo.com\/bransjenett\/wp-json\/wp\/v2\/comments?post=8416"}],"version-history":[{"count":2,"href":"https:\/\/visitbodo.com\/bransjenett\/wp-json\/wp\/v2\/pages\/8416\/revisions"}],"predecessor-version":[{"id":8425,"href":"https:\/\/visitbodo.com\/bransjenett\/wp-json\/wp\/v2\/pages\/8416\/revisions\/8425"}],"wp:attachment":[{"href":"https:\/\/visitbodo.com\/bransjenett\/wp-json\/wp\/v2\/media?parent=8416"}],"wp:term":[{"taxonomy":"cbis_category","embeddable":true,"href":"https:\/\/visitbodo.com\/bransjenett\/wp-json\/wp\/v2\/cbis_category?post=8416"},{"taxonomy":"cbis_attribute","embeddable":true,"href":"https:\/\/visitbodo.com\/bransjenett\/wp-json\/wp\/v2\/cbis_attribute?post=8416"},{"taxonomy":"destination_cat","embeddable":true,"href":"https:\/\/visitbodo.com\/bransjenett\/wp-json\/wp\/v2\/destination_cat?post=8416"},{"taxonomy":"season_cat","embeddable":true,"href":"https:\/\/visitbodo.com\/bransjenett\/wp-json\/wp\/v2\/season_cat?post=8416"},{"taxonomy":"topic_cat","embeddable":true,"href":"https:\/\/visitbodo.com\/bransjenett\/wp-json\/wp\/v2\/topic_cat?post=8416"},{"taxonomy":"target-audience","embeddable":true,"href":"https:\/\/visitbodo.com\/bransjenett\/wp-json\/wp\/v2\/target-audience?post=8416"}],"curies":[{"name":"wp","href":"https:\/\/api.w.org\/{rel}","templated":true}]}}