{"id":494,"date":"2022-04-13T09:33:27","date_gmt":"2022-04-13T09:33:27","guid":{"rendered":"https:\/\/visitbodo.com\/?page_id=494"},"modified":"2026-01-19T08:48:01","modified_gmt":"2026-01-19T08:48:01","slug":"kontakt-oss","status":"publish","type":"page","link":"https:\/\/visitbodo.com\/bransjenett\/kontakt-oss\/","title":{"rendered":"Kontakt oss"},"content":{"rendered":"\n\t<div style=\"--t2-hero-dim:0.3;\" class=\"t2-hero t2-hero-content-position-center-center t2-hero-has-dim-30 t2-hero-has-fullsize-image alignfull wp-block-t2-hero\">\n\t\t<img loading=\"lazy\" decoding=\"async\" width=\"1920\" height=\"1371\" src=\"https:\/\/v.imgi.no\/visitbodo-13103-8378a473018167449282bb56a409aa2d-1920x1371\/3a9a4698.jpg\" class=\"t2-hero__image\" alt=\"\" style=\"object-position: 50% 96%;\" srcset=\"https:\/\/v.imgi.no\/visitbodo-13103-8378a473018167449282bb56a409aa2d-150x107\/3a9a4698.jpg 150w, https:\/\/v.imgi.no\/visitbodo-13103-8378a473018167449282bb56a409aa2d-300x214\/3a9a4698.jpg 300w, https:\/\/v.imgi.no\/visitbodo-13103-8378a473018167449282bb56a409aa2d-768x548\/3a9a4698.jpg 768w, https:\/\/v.imgi.no\/visitbodo-13103-8378a473018167449282bb56a409aa2d-1024x731\/3a9a4698.jpg 1024w, https:\/\/v.imgi.no\/visitbodo-13103-8378a473018167449282bb56a409aa2d-1536x1097\/3a9a4698.jpg 1536w, https:\/\/v.imgi.no\/visitbodo-13103-8378a473018167449282bb56a409aa2d-2048x1463\/3a9a4698.jpg 2048w, https:\/\/v.imgi.no\/visitbodo-13103-8378a473018167449282bb56a409aa2d-1176x839\/3a9a4698.jpg 1176w, https:\/\/v.imgi.no\/visitbodo-13103-8378a473018167449282bb56a409aa2d-1920x1371\/3a9a4698.jpg 1920w\" sizes=\"auto, (max-width: 2048px) 100vw, 2048px\" \/><span class=\"t2-image-credit\">\n\t\t\t\t<button type=\"button\" class=\"t2-image-credit-toggle\" aria-expanded=\"false\" aria-controls=\"image-credit\" aria-label=\"Toggle image credit\"><svg xmlns=\"http:\/\/www.w3.org\/2000\/svg\" viewBox=\"0 0 24 24\" height=\"24\" width=\"24\" class=\"t2-icon t2-icon-info\" aria-hidden=\"true\" focusable=\"false\"><path d=\"M12 17c.3 0 .5-.1.7-.3s.3-.4.3-.7v-4c0-.3-.1-.5-.3-.7-.2-.2-.4-.3-.7-.3s-.5.1-.7.3c-.2.2-.3.4-.3.7v4c0 .3.1.5.3.7s.4.3.7.3zm0-8c.3 0 .5-.1.7-.3.2-.2.3-.4.3-.7 0-.3-.1-.5-.3-.7-.2-.2-.4-.3-.7-.3s-.5.1-.7.3c-.2.2-.3.4-.3.7 0 .3.1.5.3.7.2.2.4.3.7.3zm0 13c-1.4 0-2.7-.3-3.9-.8-1.2-.5-2.3-1.2-3.2-2.1s-1.6-2-2.1-3.2S2 13.4 2 12s.3-2.7.8-3.9S4 5.8 4.9 4.9s2-1.6 3.2-2.1S10.6 2 12 2s2.7.3 3.9.8 2.3 1.2 3.2 2.1 1.6 2 2.1 3.2c.5 1.2.8 2.5.8 3.9s-.3 2.7-.8 3.9c-.5 1.2-1.2 2.3-2.1 3.2s-2 1.6-3.2 2.1c-1.2.5-2.5.8-3.9.8z\" fill=\"currentColor\" \/><\/svg><\/button>\n\t\t\t\t<span class=\"t2-image-credit-text wp-element-caption\" id=\"image-credit\" hidden>Dan Mariner<\/span>\n\t\t\t<\/span>\n\t\t<div class=\"t2-hero__header\"><div class=\"t2-hero__header__content\">\n<h1 class=\"has-text-align-center alignwide wp-block-post-title\">Kontakt oss<\/h1>\n<\/div><\/div>\n\t<\/div>\n\n\n<h1 class=\"wp-block-heading alignwide has-text-align-center has-primary-dark-pink-color has-text-color\" id=\"h-hvem-er-vi-i-visit-bodo\">Hvem er vi i Visit Bod\u00f8?<\/h1>\n\n\n\n<p class=\"wp-block-paragraph has-text-align-center\">Visit Bod\u00f8 best\u00e5r i dag av seks personer innenfor ulike fagomr\u00e5der. Ta kontakt med den enkelt for hjelp.<\/p>\n\n\n\n<p class=\"wp-block-paragraph has-text-align-center\">post@visitbodo.com \/\/ +47 755 48 010<\/p>\n\n\n\n<div class=\"wp-block-media-text alignwide is-stacked-on-mobile is-vertically-aligned-center\"><figure class=\"wp-block-media-text__media\"><img decoding=\"async\" srcset=\"https:\/\/v.imgi.no\/visitbodo-11385-4058bdd567c78540aec79bf9a33676bf-150x120\/ann-kristin.jpg 150w, https:\/\/v.imgi.no\/visitbodo-11385-4058bdd567c78540aec79bf9a33676bf-300x240\/ann-kristin.jpg 300w, https:\/\/v.imgi.no\/visitbodo-11385-4058bdd567c78540aec79bf9a33676bf-768x614\/ann-kristin.jpg 768w, https:\/\/v.imgi.no\/visitbodo-11385-4058bdd567c78540aec79bf9a33676bf-1024x819\/ann-kristin.jpg 1024w, https:\/\/v.imgi.no\/visitbodo-11385-4058bdd567c78540aec79bf9a33676bf-1536x1229\/ann-kristin.jpg 1536w, https:\/\/v.imgi.no\/visitbodo-11385-4058bdd567c78540aec79bf9a33676bf-2048x1638\/ann-kristin.jpg 2048w, https:\/\/v.imgi.no\/visitbodo-11385-4058bdd567c78540aec79bf9a33676bf-1176x940\/ann-kristin.jpg 1176w, https:\/\/v.imgi.no\/visitbodo-11385-4058bdd567c78540aec79bf9a33676bf-1920x1536\/ann-kristin.jpg 1920w\" sizes=\"(max-width: 2048px) 100vw, 2048px\" src=\"https:\/\/v.imgi.no\/visitbodo-11385-4058bdd567c78540aec79bf9a33676bf-2743x2194\/\" alt=\"Ann-Kristin\" class=\"imageshop-document-id-5182867 wp-image-11385 size-full\"\/><\/figure><div class=\"wp-block-media-text__content\">\n<h2 class=\"wp-block-heading has-primary-dark-pink-color has-text-color\" id=\"h-ann-kristin-ronning-nilsen\"><strong>Ann-Kristin R\u00f8nning Nilsen<\/strong><\/h2>\n\n\n\n<p class=\"wp-block-paragraph has-primary-dark-pink-color has-text-color\">Managing Director<\/p>\n\n\n\n<p class=\"wp-block-paragraph\">Ann-kristin@visitbodo.com <\/p>\n\n\n\n<p class=\"wp-block-paragraph\">+47 901 19 671<\/p>\n<\/div><\/div>\n\n\n\n<div class=\"wp-block-media-text alignwide has-media-on-the-right is-stacked-on-mobile is-vertically-aligned-center\"><div class=\"wp-block-media-text__content\">\n<h2 class=\"wp-block-heading has-primary-dark-pink-color has-text-color\" id=\"h-carina-dreyer-salater\"><strong>Carina Dreyer Salater<\/strong><\/h2>\n\n\n\n<p class=\"wp-block-paragraph has-primary-dark-pink-color has-text-color has-x-large-font-size\">Director of Partnerships &amp; Visitor services<\/p>\n\n\n\n<p class=\"wp-block-paragraph\">Carina@visitbodo.com <\/p>\n\n\n\n<p class=\"wp-block-paragraph\">+47 934 30 090<\/p>\n<\/div><figure class=\"wp-block-media-text__media\"><img decoding=\"async\" srcset=\"https:\/\/v.imgi.no\/visitbodo-16763-ad15bd38edc57e917e8b815340581d28-150x143\/2025_09_carina-dreyer-salater-foto-visit-bodo-kopi-1.jpg 150w, https:\/\/v.imgi.no\/visitbodo-16763-ad15bd38edc57e917e8b815340581d28-300x286\/2025_09_carina-dreyer-salater-foto-visit-bodo-kopi-1.jpg 300w, https:\/\/v.imgi.no\/visitbodo-16763-ad15bd38edc57e917e8b815340581d28-768x731\/2025_09_carina-dreyer-salater-foto-visit-bodo-kopi-1.jpg 768w, https:\/\/v.imgi.no\/visitbodo-16763-ad15bd38edc57e917e8b815340581d28-1024x975\/2025_09_carina-dreyer-salater-foto-visit-bodo-kopi-1.jpg 1024w, https:\/\/v.imgi.no\/visitbodo-16763-ad15bd38edc57e917e8b815340581d28-1536x1462\/2025_09_carina-dreyer-salater-foto-visit-bodo-kopi-1.jpg 1536w, https:\/\/v.imgi.no\/visitbodo-16763-ad15bd38edc57e917e8b815340581d28-2048x1950\/2025_09_carina-dreyer-salater-foto-visit-bodo-kopi-1.jpg 2048w, https:\/\/v.imgi.no\/visitbodo-16763-ad15bd38edc57e917e8b815340581d28-1176x1119\/2025_09_carina-dreyer-salater-foto-visit-bodo-kopi-1.jpg 1176w, https:\/\/v.imgi.no\/visitbodo-16763-ad15bd38edc57e917e8b815340581d28-1920x1828\/2025_09_carina-dreyer-salater-foto-visit-bodo-kopi-1.jpg 1920w\" sizes=\"(max-width: 2048px) 100vw, 2048px\" src=\"https:\/\/v.imgi.no\/visitbodo-16763-ad15bd38edc57e917e8b815340581d28-2588x2464\/2025_09_carina-dreyer-salater-foto-visit-bodo-kopi-1.jpg\" alt=\"\" class=\"imageshop-document-id-7775002 wp-image-16765 size-full\"\/><\/figure><\/div>\n\n\n\n<div class=\"wp-block-media-text alignwide is-stacked-on-mobile is-vertically-aligned-center\"><figure class=\"wp-block-media-text__media\"><img decoding=\"async\" srcset=\"https:\/\/v.imgi.no\/visitbodo-16338-aff5e8b47fc38dfeb8a6291e29aebdf1-150x150\/2025_08_img_9755.jpg 150w, https:\/\/v.imgi.no\/visitbodo-16338-aff5e8b47fc38dfeb8a6291e29aebdf1-300x300\/2025_08_img_9755.jpg 300w, https:\/\/v.imgi.no\/visitbodo-16338-aff5e8b47fc38dfeb8a6291e29aebdf1-768x768\/2025_08_img_9755.jpg 768w, https:\/\/v.imgi.no\/visitbodo-16338-aff5e8b47fc38dfeb8a6291e29aebdf1-1024x1024\/2025_08_img_9755.jpg 1024w, https:\/\/v.imgi.no\/visitbodo-16338-aff5e8b47fc38dfeb8a6291e29aebdf1-1536x1536\/2025_08_img_9755.jpg 1536w, https:\/\/v.imgi.no\/visitbodo-16338-aff5e8b47fc38dfeb8a6291e29aebdf1-2048x2048\/2025_08_img_9755.jpg 2048w, https:\/\/v.imgi.no\/visitbodo-16338-aff5e8b47fc38dfeb8a6291e29aebdf1-1176x1176\/2025_08_img_9755.jpg 1176w, https:\/\/v.imgi.no\/visitbodo-16338-aff5e8b47fc38dfeb8a6291e29aebdf1-1920x1920\/2025_08_img_9755.jpg 1920w, https:\/\/v.imgi.no\/visitbodo-16338-aff5e8b47fc38dfeb8a6291e29aebdf1-2048x2048\/2025_08_img_9755.jpg 2048w, https:\/\/v.imgi.no\/visitbodo-16338-aff5e8b47fc38dfeb8a6291e29aebdf1-2048x2048\/2025_08_img_9755.jpg 2048w\" sizes=\"(max-width: 2048px) 100vw, 2048px\" src=\"https:\/\/visitbodo.com\/content\/uploads\/sites\/17\/2025\/08\/IMG_9755.jpg\" alt=\"\" class=\"imageshop-document-id-7572397 wp-image-16338 size-full\"\/><\/figure><div class=\"wp-block-media-text__content\">\n<h2 class=\"wp-block-heading has-primary-dark-pink-color has-text-color\" id=\"h-julie-abelsen\"><strong>Julie Abelsen<\/strong><\/h2>\n\n\n\n<p class=\"wp-block-paragraph has-primary-dark-pink-color has-text-color has-x-large-font-size\">Director of Marketing<\/p>\n\n\n\n<p class=\"wp-block-paragraph\">Julie@visitbodo.com <\/p>\n\n\n\n<p class=\"wp-block-paragraph\">+47 482 17 876<\/p>\n<\/div><\/div>\n\n\n\n<div class=\"wp-block-media-text alignwide has-media-on-the-right is-stacked-on-mobile is-vertically-aligned-center\"><div class=\"wp-block-media-text__content\">\n<h2 class=\"wp-block-heading has-primary-dark-pink-color has-text-color\" id=\"h-kristin-konradsen\"><strong>Kristin Konradsen<\/strong><\/h2>\n\n\n\n<p class=\"wp-block-paragraph has-primary-dark-pink-color has-text-color has-x-large-font-size\">Director of Sales<\/p>\n\n\n\n<p class=\"wp-block-paragraph\">Kristin@visitbodo.com <\/p>\n\n\n\n<p class=\"wp-block-paragraph\">+47 406 06 164<\/p>\n<\/div><figure class=\"wp-block-media-text__media\"><img decoding=\"async\" srcset=\"https:\/\/v.imgi.no\/visitbodo-12175-1309e5ae4363ed83684f45dde50b3d42-150x100\/2023_12_img_4805x.jpg 150w, https:\/\/v.imgi.no\/visitbodo-12175-1309e5ae4363ed83684f45dde50b3d42-300x200\/2023_12_img_4805x.jpg 300w, https:\/\/v.imgi.no\/visitbodo-12175-1309e5ae4363ed83684f45dde50b3d42-768x512\/2023_12_img_4805x.jpg 768w, https:\/\/v.imgi.no\/visitbodo-12175-1309e5ae4363ed83684f45dde50b3d42-1024x683\/2023_12_img_4805x.jpg 1024w, https:\/\/v.imgi.no\/visitbodo-12175-1309e5ae4363ed83684f45dde50b3d42-1536x1024\/2023_12_img_4805x.jpg 1536w, https:\/\/v.imgi.no\/visitbodo-12175-1309e5ae4363ed83684f45dde50b3d42-2048x1366\/2023_12_img_4805x.jpg 2048w, https:\/\/v.imgi.no\/visitbodo-12175-1309e5ae4363ed83684f45dde50b3d42-1176x784\/2023_12_img_4805x.jpg 1176w, https:\/\/v.imgi.no\/visitbodo-12175-1309e5ae4363ed83684f45dde50b3d42-1920x1280\/2023_12_img_4805x.jpg 1920w\" sizes=\"(max-width: 2048px) 100vw, 2048px\" src=\"https:\/\/visitbodo.com\/content\/uploads\/2023\/12\/IMG_4805x.jpg\" alt=\"\" class=\"imageshop-document-id-5466565 wp-image-12175 size-full\"\/><\/figure><\/div>\n\n\n\n<div class=\"wp-block-media-text alignwide is-stacked-on-mobile is-vertically-aligned-center\"><figure class=\"wp-block-media-text__media\"><img decoding=\"async\" srcset=\"https:\/\/v.imgi.no\/visitbodo-10622-97c20a556778e478d26a17c6fd333471-150x100\/lisbeth-stor-fil.jpg 150w, https:\/\/v.imgi.no\/visitbodo-10622-97c20a556778e478d26a17c6fd333471-300x200\/lisbeth-stor-fil.jpg 300w, https:\/\/v.imgi.no\/visitbodo-10622-97c20a556778e478d26a17c6fd333471-768x511\/lisbeth-stor-fil.jpg 768w, https:\/\/v.imgi.no\/visitbodo-10622-97c20a556778e478d26a17c6fd333471-1024x683\/lisbeth-stor-fil.jpg 1024w, https:\/\/v.imgi.no\/visitbodo-10622-97c20a556778e478d26a17c6fd333471-1536x1024\/lisbeth-stor-fil.jpg 1536w, https:\/\/v.imgi.no\/visitbodo-10622-97c20a556778e478d26a17c6fd333471-2048x1365\/lisbeth-stor-fil.jpg 2048w, https:\/\/v.imgi.no\/visitbodo-10622-97c20a556778e478d26a17c6fd333471-1176x784\/lisbeth-stor-fil.jpg 1176w, https:\/\/v.imgi.no\/visitbodo-10622-97c20a556778e478d26a17c6fd333471-1920x1280\/lisbeth-stor-fil.jpg 1920w\" sizes=\"(max-width: 2048px) 100vw, 2048px\" src=\"https:\/\/v.imgi.no\/visitbodo-10622-97c20a556778e478d26a17c6fd333471-5265x3510\/\" alt=\"\" class=\"imageshop-document-id-4956167 wp-image-10622 size-full\"\/><span class=\"t2-image-credit\">\n\t\t\t\t<button type=\"button\" class=\"t2-image-credit-toggle\" aria-expanded=\"false\" aria-controls=\"image-credit-1\" aria-label=\"Toggle image credit\"><svg xmlns=\"http:\/\/www.w3.org\/2000\/svg\" viewBox=\"0 0 24 24\" height=\"24\" width=\"24\" class=\"t2-icon t2-icon-info\" aria-hidden=\"true\" focusable=\"false\"><path d=\"M12 17c.3 0 .5-.1.7-.3s.3-.4.3-.7v-4c0-.3-.1-.5-.3-.7-.2-.2-.4-.3-.7-.3s-.5.1-.7.3c-.2.2-.3.4-.3.7v4c0 .3.1.5.3.7s.4.3.7.3zm0-8c.3 0 .5-.1.7-.3.2-.2.3-.4.3-.7 0-.3-.1-.5-.3-.7-.2-.2-.4-.3-.7-.3s-.5.1-.7.3c-.2.2-.3.4-.3.7 0 .3.1.5.3.7.2.2.4.3.7.3zm0 13c-1.4 0-2.7-.3-3.9-.8-1.2-.5-2.3-1.2-3.2-2.1s-1.6-2-2.1-3.2S2 13.4 2 12s.3-2.7.8-3.9S4 5.8 4.9 4.9s2-1.6 3.2-2.1S10.6 2 12 2s2.7.3 3.9.8 2.3 1.2 3.2 2.1 1.6 2 2.1 3.2c.5 1.2.8 2.5.8 3.9s-.3 2.7-.8 3.9c-.5 1.2-1.2 2.3-2.1 3.2s-2 1.6-3.2 2.1c-1.2.5-2.5.8-3.9.8z\" fill=\"currentColor\" \/><\/svg><\/button>\n\t\t\t\t<span class=\"t2-image-credit-text wp-element-caption\" id=\"image-credit-1\" hidden>Visit Bod\u00f8<\/span>\n\t\t\t<\/span><\/figure><div class=\"wp-block-media-text__content\">\n<h2 class=\"wp-block-heading has-primary-dark-pink-color has-text-color\" id=\"h-lisbeth-ingebrigtsen\"><strong>Lisbeth Ingebrigtsen<\/strong><\/h2>\n\n\n\n<p class=\"wp-block-paragraph has-primary-dark-pink-color has-text-color has-x-large-font-size\">Project Manager Meetings &amp; Events<\/p>\n\n\n\n<p class=\"wp-block-paragraph\">Lisbeth@visitbodo.com <\/p>\n\n\n\n<p class=\"wp-block-paragraph\">+47 992 79 008<\/p>\n<\/div><\/div>\n\n\n\n<p class=\"wp-block-paragraph\"><\/p>\n","protected":false},"excerpt":{"rendered":"<p>Hvem er vi i Visit Bod\u00f8? Visit Bod\u00f8 best\u00e5r i dag av seks personer innenfor ulike fagomr\u00e5der. Ta kontakt med den enkelt for hjelp. post@visitbodo.com \/\/ +47 755 48 010 Ann-Kristin R\u00f8nning Nilsen Managing Director Ann-kristin@visitbodo.com +47 901 19 671 Carina Dreyer Salater Director of Partnerships &amp; Visitor services Carina@visitbodo.com +47 934 30 090 Julie [&hellip;]<\/p>\n","protected":false},"author":10,"featured_media":13103,"parent":0,"menu_order":0,"comment_status":"closed","ping_status":"closed","template":"","meta":{"_trash_the_other_posts":false,"t2_hide_was_this_helpful":true,"vlb_sustainable_destination_logo":false,"vlb_green_travel_logo":false,"vlb_location_geodata_lat":0,"vlb_location_geodata_lng":0,"editor_notices":[],"footnotes":""},"cbis_category":[],"cbis_attribute":[],"destination_cat":[],"season_cat":[],"topic_cat":[246],"target-audience":[],"class_list":["post-494","page","type-page","status-publish","has-post-thumbnail","hentry","topic_cat-om-visit-bodo"],"yoast_head":"<!-- This site is optimized with the Yoast SEO Premium plugin v21.9 (Yoast SEO v21.9.1) - https:\/\/yoast.com\/wordpress\/plugins\/seo\/ -->\n<title>Kontakt oss - Bransjenett<\/title>\n<meta name=\"robots\" content=\"index, follow, max-snippet:-1, max-image-preview:large, max-video-preview:-1\" \/>\n<link rel=\"canonical\" href=\"https:\/\/visitbodo.com\/bransjenett\/kontakt-oss\/\" \/>\n<meta property=\"og:locale\" content=\"nb_NO\" \/>\n<meta property=\"og:type\" content=\"article\" \/>\n<meta property=\"og:title\" content=\"Kontakt oss\" \/>\n<meta property=\"og:description\" content=\"Hvem er vi i Visit Bod\u00f8? Visit Bod\u00f8 best\u00e5r i dag av seks personer innenfor ulike fagomr\u00e5der. Ta kontakt med den enkelt for hjelp. post@visitbodo.com \/\/ +47 755 48 010 Ann-Kristin R\u00f8nning Nilsen Managing Director Ann-kristin@visitbodo.com +47 901 19 671 Carina Dreyer Salater Director of Partnerships &amp; Visitor services Carina@visitbodo.com +47 934 30 090 Julie [&hellip;]\" \/>\n<meta property=\"og:url\" content=\"https:\/\/visitbodo.com\/bransjenett\/kontakt-oss\/\" \/>\n<meta property=\"og:site_name\" content=\"Bransjenett\" \/>\n<meta property=\"article:modified_time\" content=\"2026-01-19T08:48:01+00:00\" \/>\n<meta property=\"og:image\" content=\"https:\/\/v.imgi.no\/visitbodo-13103-8378a473018167449282bb56a409aa2d-1176x839\/3a9a4698.jpg\" \/>\n<meta name=\"twitter:card\" content=\"summary_large_image\" \/>\n<meta name=\"twitter:label1\" content=\"Ansl. lesetid\" \/>\n\t<meta name=\"twitter:data1\" content=\"2 minutter\" \/>\n<script type=\"application\/ld+json\" class=\"yoast-schema-graph\">{\"@context\":\"https:\/\/schema.org\",\"@graph\":[{\"@type\":\"WebPage\",\"@id\":\"https:\/\/visitbodo.com\/bransjenett\/kontakt-oss\/\",\"url\":\"https:\/\/visitbodo.com\/bransjenett\/kontakt-oss\/\",\"name\":\"Kontakt oss - Bransjenett\",\"isPartOf\":{\"@id\":\"https:\/\/visitbodo.com\/bransjenett\/#website\"},\"datePublished\":\"2022-04-13T09:33:27+00:00\",\"dateModified\":\"2026-01-19T08:48:01+00:00\",\"breadcrumb\":{\"@id\":\"https:\/\/visitbodo.com\/bransjenett\/kontakt-oss\/#breadcrumb\"},\"inLanguage\":\"nb-NO\",\"potentialAction\":[{\"@type\":\"ReadAction\",\"target\":[\"https:\/\/visitbodo.com\/bransjenett\/kontakt-oss\/\"]}]},{\"@type\":\"BreadcrumbList\",\"@id\":\"https:\/\/visitbodo.com\/bransjenett\/kontakt-oss\/#breadcrumb\",\"itemListElement\":[{\"@type\":\"ListItem\",\"position\":1,\"name\":\"Home\",\"item\":\"https:\/\/visitbodo.com\/bransjenett\/\"},{\"@type\":\"ListItem\",\"position\":2,\"name\":\"Kontakt oss\"}]},{\"@type\":\"WebSite\",\"@id\":\"https:\/\/visitbodo.com\/bransjenett\/#website\",\"url\":\"https:\/\/visitbodo.com\/bransjenett\/\",\"name\":\"Bransjenett\",\"description\":\"Visit Bod\u00f8 Bransjenett - for reiselivsn\u00e6ringen i Bod\u00f8 &amp; Salten\",\"publisher\":{\"@id\":\"https:\/\/visitbodo.com\/bransjenett\/#organization\"},\"potentialAction\":[{\"@type\":\"SearchAction\",\"target\":{\"@type\":\"EntryPoint\",\"urlTemplate\":\"https:\/\/visitbodo.com\/bransjenett\/?s={search_term_string}\"},\"query-input\":\"required name=search_term_string\"}],\"inLanguage\":\"nb-NO\"},{\"@type\":\"Organization\",\"@id\":\"https:\/\/visitbodo.com\/bransjenett\/#organization\",\"name\":\"Bransjenett\",\"url\":\"https:\/\/visitbodo.com\/bransjenett\/\",\"logo\":{\"@type\":\"ImageObject\",\"inLanguage\":\"nb-NO\",\"@id\":\"https:\/\/visitbodo.com\/bransjenett\/#\/schema\/logo\/image\/\",\"url\":\"https:\/\/v.imgi.no\/visitbodo-16257-d30ee3fec75d9ae0d56e1a07ec7663ca-330x159\/logo_winter_negative.jpg\",\"contentUrl\":\"https:\/\/v.imgi.no\/visitbodo-16257-d30ee3fec75d9ae0d56e1a07ec7663ca-330x159\/logo_winter_negative.jpg\",\"caption\":\"Bransjenett\"},\"image\":{\"@id\":\"https:\/\/visitbodo.com\/bransjenett\/#\/schema\/logo\/image\/\"}}]}<\/script>\n<!-- \/ Yoast SEO Premium plugin. -->","yoast_head_json":{"title":"Kontakt oss - Bransjenett","robots":{"index":"index","follow":"follow","max-snippet":"max-snippet:-1","max-image-preview":"max-image-preview:large","max-video-preview":"max-video-preview:-1"},"canonical":"https:\/\/visitbodo.com\/bransjenett\/kontakt-oss\/","og_locale":"nb_NO","og_type":"article","og_title":"Kontakt oss","og_description":"Hvem er vi i Visit Bod\u00f8? Visit Bod\u00f8 best\u00e5r i dag av seks personer innenfor ulike fagomr\u00e5der. Ta kontakt med den enkelt for hjelp. post@visitbodo.com \/\/ +47 755 48 010 Ann-Kristin R\u00f8nning Nilsen Managing Director Ann-kristin@visitbodo.com +47 901 19 671 Carina Dreyer Salater Director of Partnerships &amp; Visitor services Carina@visitbodo.com +47 934 30 090 Julie [&hellip;]","og_url":"https:\/\/visitbodo.com\/bransjenett\/kontakt-oss\/","og_site_name":"Bransjenett","article_modified_time":"2026-01-19T08:48:01+00:00","og_image":[{"url":"https:\/\/v.imgi.no\/visitbodo-13103-8378a473018167449282bb56a409aa2d-1176x839\/3a9a4698.jpg"}],"twitter_card":"summary_large_image","twitter_misc":{"Ansl. lesetid":"2 minutter"},"schema":{"@context":"https:\/\/schema.org","@graph":[{"@type":"WebPage","@id":"https:\/\/visitbodo.com\/bransjenett\/kontakt-oss\/","url":"https:\/\/visitbodo.com\/bransjenett\/kontakt-oss\/","name":"Kontakt oss - Bransjenett","isPartOf":{"@id":"https:\/\/visitbodo.com\/bransjenett\/#website"},"datePublished":"2022-04-13T09:33:27+00:00","dateModified":"2026-01-19T08:48:01+00:00","breadcrumb":{"@id":"https:\/\/visitbodo.com\/bransjenett\/kontakt-oss\/#breadcrumb"},"inLanguage":"nb-NO","potentialAction":[{"@type":"ReadAction","target":["https:\/\/visitbodo.com\/bransjenett\/kontakt-oss\/"]}]},{"@type":"BreadcrumbList","@id":"https:\/\/visitbodo.com\/bransjenett\/kontakt-oss\/#breadcrumb","itemListElement":[{"@type":"ListItem","position":1,"name":"Home","item":"https:\/\/visitbodo.com\/bransjenett\/"},{"@type":"ListItem","position":2,"name":"Kontakt oss"}]},{"@type":"WebSite","@id":"https:\/\/visitbodo.com\/bransjenett\/#website","url":"https:\/\/visitbodo.com\/bransjenett\/","name":"Bransjenett","description":"Visit Bod\u00f8 Bransjenett - for reiselivsn\u00e6ringen i Bod\u00f8 &amp; Salten","publisher":{"@id":"https:\/\/visitbodo.com\/bransjenett\/#organization"},"potentialAction":[{"@type":"SearchAction","target":{"@type":"EntryPoint","urlTemplate":"https:\/\/visitbodo.com\/bransjenett\/?s={search_term_string}"},"query-input":"required name=search_term_string"}],"inLanguage":"nb-NO"},{"@type":"Organization","@id":"https:\/\/visitbodo.com\/bransjenett\/#organization","name":"Bransjenett","url":"https:\/\/visitbodo.com\/bransjenett\/","logo":{"@type":"ImageObject","inLanguage":"nb-NO","@id":"https:\/\/visitbodo.com\/bransjenett\/#\/schema\/logo\/image\/","url":"https:\/\/v.imgi.no\/visitbodo-16257-d30ee3fec75d9ae0d56e1a07ec7663ca-330x159\/logo_winter_negative.jpg","contentUrl":"https:\/\/v.imgi.no\/visitbodo-16257-d30ee3fec75d9ae0d56e1a07ec7663ca-330x159\/logo_winter_negative.jpg","caption":"Bransjenett"},"image":{"@id":"https:\/\/visitbodo.com\/bransjenett\/#\/schema\/logo\/image\/"}}]}},"_links":{"self":[{"href":"https:\/\/visitbodo.com\/bransjenett\/wp-json\/wp\/v2\/pages\/494","targetHints":{"allow":["GET"]}}],"collection":[{"href":"https:\/\/visitbodo.com\/bransjenett\/wp-json\/wp\/v2\/pages"}],"about":[{"href":"https:\/\/visitbodo.com\/bransjenett\/wp-json\/wp\/v2\/types\/page"}],"author":[{"embeddable":true,"href":"https:\/\/visitbodo.com\/bransjenett\/wp-json\/wp\/v2\/users\/10"}],"replies":[{"embeddable":true,"href":"https:\/\/visitbodo.com\/bransjenett\/wp-json\/wp\/v2\/comments?post=494"}],"version-history":[{"count":38,"href":"https:\/\/visitbodo.com\/bransjenett\/wp-json\/wp\/v2\/pages\/494\/revisions"}],"predecessor-version":[{"id":17311,"href":"https:\/\/visitbodo.com\/bransjenett\/wp-json\/wp\/v2\/pages\/494\/revisions\/17311"}],"wp:featuredmedia":[{"embeddable":true,"href":"https:\/\/visitbodo.com\/bransjenett\/wp-json\/wp\/v2\/media\/13103"}],"wp:attachment":[{"href":"https:\/\/visitbodo.com\/bransjenett\/wp-json\/wp\/v2\/media?parent=494"}],"wp:term":[{"taxonomy":"cbis_category","embeddable":true,"href":"https:\/\/visitbodo.com\/bransjenett\/wp-json\/wp\/v2\/cbis_category?post=494"},{"taxonomy":"cbis_attribute","embeddable":true,"href":"https:\/\/visitbodo.com\/bransjenett\/wp-json\/wp\/v2\/cbis_attribute?post=494"},{"taxonomy":"destination_cat","embeddable":true,"href":"https:\/\/visitbodo.com\/bransjenett\/wp-json\/wp\/v2\/destination_cat?post=494"},{"taxonomy":"season_cat","embeddable":true,"href":"https:\/\/visitbodo.com\/bransjenett\/wp-json\/wp\/v2\/season_cat?post=494"},{"taxonomy":"topic_cat","embeddable":true,"href":"https:\/\/visitbodo.com\/bransjenett\/wp-json\/wp\/v2\/topic_cat?post=494"},{"taxonomy":"target-audience","embeddable":true,"href":"https:\/\/visitbodo.com\/bransjenett\/wp-json\/wp\/v2\/target-audience?post=494"}],"curies":[{"name":"wp","href":"https:\/\/api.w.org\/{rel}","templated":true}]}}