{"id":444,"date":"2022-04-12T12:49:41","date_gmt":"2022-04-12T12:49:41","guid":{"rendered":"https:\/\/visitbodo.com\/?page_id=444"},"modified":"2025-08-14T12:35:48","modified_gmt":"2025-08-14T12:35:48","slug":"om-oss","status":"publish","type":"page","link":"https:\/\/visitbodo.com\/bransjenett\/om-oss\/","title":{"rendered":"Om Visit Bod\u00f8"},"content":{"rendered":"\n\t<div style=\"--t2-hero-dim:0.5;\" class=\"t2-hero t2-hero-content-position-center-center t2-hero-has-dim-50 t2-hero-has-fullsize-image alignfull wp-block-t2-hero\">\n\t\t<img loading=\"lazy\" decoding=\"async\" width=\"1920\" height=\"1280\" src=\"https:\/\/v.imgi.no\/visitbodo-15533-b28e301253289d0294ddba6a5e19f11f-1920x1280\/vinterlys-bodo_zdeno-dvorak.jpg\" class=\"t2-hero__image\" alt=\"\" style=\"object-position: 52% 30%;\" srcset=\"https:\/\/v.imgi.no\/visitbodo-15533-b28e301253289d0294ddba6a5e19f11f-150x100\/vinterlys-bodo_zdeno-dvorak.jpg 150w, https:\/\/v.imgi.no\/visitbodo-15533-b28e301253289d0294ddba6a5e19f11f-300x200\/vinterlys-bodo_zdeno-dvorak.jpg 300w, https:\/\/v.imgi.no\/visitbodo-15533-b28e301253289d0294ddba6a5e19f11f-768x512\/vinterlys-bodo_zdeno-dvorak.jpg 768w, https:\/\/v.imgi.no\/visitbodo-15533-b28e301253289d0294ddba6a5e19f11f-1024x683\/vinterlys-bodo_zdeno-dvorak.jpg 1024w, https:\/\/v.imgi.no\/visitbodo-15533-b28e301253289d0294ddba6a5e19f11f-1536x1024\/vinterlys-bodo_zdeno-dvorak.jpg 1536w, https:\/\/v.imgi.no\/visitbodo-15533-b28e301253289d0294ddba6a5e19f11f-2048x1365\/vinterlys-bodo_zdeno-dvorak.jpg 2048w, https:\/\/v.imgi.no\/visitbodo-15533-b28e301253289d0294ddba6a5e19f11f-1176x784\/vinterlys-bodo_zdeno-dvorak.jpg 1176w, https:\/\/v.imgi.no\/visitbodo-15533-b28e301253289d0294ddba6a5e19f11f-1920x1280\/vinterlys-bodo_zdeno-dvorak.jpg 1920w\" sizes=\"auto, (max-width: 2048px) 100vw, 2048px\" \/><span class=\"t2-image-credit\">\n\t\t\t\t<button type=\"button\" class=\"t2-image-credit-toggle\" aria-expanded=\"false\" aria-controls=\"image-credit\" aria-label=\"Toggle image credit\"><svg xmlns=\"http:\/\/www.w3.org\/2000\/svg\" viewBox=\"0 0 24 24\" height=\"24\" width=\"24\" class=\"t2-icon t2-icon-info\" aria-hidden=\"true\" focusable=\"false\"><path d=\"M12 17c.3 0 .5-.1.7-.3s.3-.4.3-.7v-4c0-.3-.1-.5-.3-.7-.2-.2-.4-.3-.7-.3s-.5.1-.7.3c-.2.2-.3.4-.3.7v4c0 .3.1.5.3.7s.4.3.7.3zm0-8c.3 0 .5-.1.7-.3.2-.2.3-.4.3-.7 0-.3-.1-.5-.3-.7-.2-.2-.4-.3-.7-.3s-.5.1-.7.3c-.2.2-.3.4-.3.7 0 .3.1.5.3.7.2.2.4.3.7.3zm0 13c-1.4 0-2.7-.3-3.9-.8-1.2-.5-2.3-1.2-3.2-2.1s-1.6-2-2.1-3.2S2 13.4 2 12s.3-2.7.8-3.9S4 5.8 4.9 4.9s2-1.6 3.2-2.1S10.6 2 12 2s2.7.3 3.9.8 2.3 1.2 3.2 2.1 1.6 2 2.1 3.2c.5 1.2.8 2.5.8 3.9s-.3 2.7-.8 3.9c-.5 1.2-1.2 2.3-2.1 3.2s-2 1.6-3.2 2.1c-1.2.5-2.5.8-3.9.8z\" fill=\"currentColor\" \/><\/svg><\/button>\n\t\t\t\t<span class=\"t2-image-credit-text wp-element-caption\" id=\"image-credit\" hidden>Zdeno Dvorak<\/span>\n\t\t\t<\/span>\n\t\t<div class=\"t2-hero__header\"><div class=\"t2-hero__header__content\">\n<h1 class=\"has-text-align-center alignwide wp-block-post-title\">Om Visit Bod\u00f8<\/h1>\n<\/div><\/div>\n\t<\/div>\n\n\n<h1 class=\"wp-block-heading alignwide has-text-align-center has-primary-dark-pink-color has-text-color\" id=\"h-visit-bodo-er-destinasjonsselskapet-for-bodo-amp-salten\">Visit Bod\u00f8 er destinasjonsselskapet for Bod\u00f8 &amp; Salten<\/h1>\n\n\n<p class=\"t2-ingress has-text-align-center alignwide wp-block-t2-ingress\">Vi leverer markedsf\u00f8rings-, kompetanse-, nettverks-&nbsp;og utviklingstjenester til&nbsp;reiselivsn\u00e6ringen i&nbsp;Bod\u00f8 &amp; Salten.<\/p>\n\n\n<p class=\"wp-block-paragraph has-text-align-center\">Vi skal bidra til flere bes\u00f8kende til Bod\u00f8 &amp; Salten gjennom omd\u00f8mmebygging, ansvarlig markedsf\u00f8ring, b\u00e6rekraftig utvikling, innovasjon, innsikt, kompetanse, vertskap og samhandling.&nbsp;<\/p>\n\n\n\n<p class=\"wp-block-paragraph has-text-align-center\">Vi skal ogs\u00e5 bidra til \u00f8kt l\u00f8nnsomhet, b\u00e6rekraft og sysselsetting for deg som\u00a0partner og til kommunene i Salten.<\/p>\n\n\n<div class=\"t2-featured-content-layout alignwide alignwide wp-block-t2-featured-content-layout\" role=\"list\">\n<div class=\"t2-featured-single-post t2-featured-content is-post-type-page topic_cat-om-visit-bodo wp-block-t2-featured-single-post\" role=\"listitem\"><a class=\"t2-post-link wp-block-t2-post-link\" href=\"https:\/\/visitbodo.com\/bransjenett\/bli-partner\/\">\n<figure style=\"--t2-focal-point: 50% 50%;\" class=\"t2-post-featured-image has-image-ratio-16-9 wp-block-t2-post-featured-image\"><img loading=\"lazy\" decoding=\"async\" width=\"1176\" height=\"784\" src=\"https:\/\/v.imgi.no\/visitbodo-7876-343043b04e002fd0a2d1323902cd512a-1176x784\/visitbodo_karolineoapettersen389.jpg\" class=\"attachment-post-thumbnail size-post-thumbnail wp-post-image\" alt=\"\" srcset=\"https:\/\/v.imgi.no\/visitbodo-7876-343043b04e002fd0a2d1323902cd512a-150x100\/visitbodo_karolineoapettersen389.jpg 150w, https:\/\/v.imgi.no\/visitbodo-7876-343043b04e002fd0a2d1323902cd512a-300x200\/visitbodo_karolineoapettersen389.jpg 300w, https:\/\/v.imgi.no\/visitbodo-7876-343043b04e002fd0a2d1323902cd512a-768x512\/visitbodo_karolineoapettersen389.jpg 768w, https:\/\/v.imgi.no\/visitbodo-7876-343043b04e002fd0a2d1323902cd512a-1024x683\/visitbodo_karolineoapettersen389.jpg 1024w, https:\/\/v.imgi.no\/visitbodo-7876-343043b04e002fd0a2d1323902cd512a-1536x1024\/visitbodo_karolineoapettersen389.jpg 1536w, https:\/\/v.imgi.no\/visitbodo-7876-343043b04e002fd0a2d1323902cd512a-2048x1365\/visitbodo_karolineoapettersen389.jpg 2048w, https:\/\/v.imgi.no\/visitbodo-7876-343043b04e002fd0a2d1323902cd512a-1176x784\/visitbodo_karolineoapettersen389.jpg 1176w, https:\/\/v.imgi.no\/visitbodo-7876-343043b04e002fd0a2d1323902cd512a-1920x1280\/visitbodo_karolineoapettersen389.jpg 1920w\" sizes=\"auto, (max-width: 2048px) 100vw, 2048px\" \/><\/figure>\n\n<div class=\"wp-block-group card-details is-layout-flow wp-block-group-is-layout-flow\">\n\t<h2 class=\"t2-post-title wp-block-t2-post-title\">Bli partner i Visit Bod\u00f8<\/h2>\n\t<!-- No category found. -->\n<\/div>\n\n<\/a>\n<\/div>\n\n<div class=\"t2-featured-single-post t2-featured-content is-post-type-page topic_cat-om-visit-bodo wp-block-t2-featured-single-post\" role=\"listitem\"><a class=\"t2-post-link wp-block-t2-post-link\" href=\"https:\/\/visitbodo.com\/bransjenett\/kontakt-oss\/\">\n<figure style=\"--t2-focal-point: 50% 50%;\" class=\"t2-post-featured-image has-image-ratio-16-9 wp-block-t2-post-featured-image\"><img loading=\"lazy\" decoding=\"async\" width=\"1176\" height=\"839\" src=\"https:\/\/v.imgi.no\/visitbodo-13103-8378a473018167449282bb56a409aa2d-1176x839\/3a9a4698.jpg\" class=\"attachment-post-thumbnail size-post-thumbnail wp-post-image\" alt=\"\" srcset=\"https:\/\/v.imgi.no\/visitbodo-13103-8378a473018167449282bb56a409aa2d-150x107\/3a9a4698.jpg 150w, https:\/\/v.imgi.no\/visitbodo-13103-8378a473018167449282bb56a409aa2d-300x214\/3a9a4698.jpg 300w, https:\/\/v.imgi.no\/visitbodo-13103-8378a473018167449282bb56a409aa2d-768x548\/3a9a4698.jpg 768w, https:\/\/v.imgi.no\/visitbodo-13103-8378a473018167449282bb56a409aa2d-1024x731\/3a9a4698.jpg 1024w, https:\/\/v.imgi.no\/visitbodo-13103-8378a473018167449282bb56a409aa2d-1536x1097\/3a9a4698.jpg 1536w, https:\/\/v.imgi.no\/visitbodo-13103-8378a473018167449282bb56a409aa2d-2048x1463\/3a9a4698.jpg 2048w, https:\/\/v.imgi.no\/visitbodo-13103-8378a473018167449282bb56a409aa2d-1176x839\/3a9a4698.jpg 1176w, https:\/\/v.imgi.no\/visitbodo-13103-8378a473018167449282bb56a409aa2d-1920x1371\/3a9a4698.jpg 1920w\" sizes=\"auto, (max-width: 2048px) 100vw, 2048px\" \/><\/figure>\n\n<div class=\"wp-block-group card-details is-layout-flow wp-block-group-is-layout-flow\">\n\t<h2 class=\"t2-post-title wp-block-t2-post-title\">Kontakt oss<\/h2>\n\t<!-- No category found. -->\n<\/div>\n\n<\/a>\n<\/div>\n\n<div class=\"card----is-link t2-featured-content t2-featured-single-post is-post-type-cbis_activity wp-block-t2-featured-single-post wp-block-vlb-card-template\">\n\t\t\t<a class=\"wp-block-vlb-card-template\" href=\"https:\/\/visitbodo.com\/bransjenett\/vare-medlemmer\/\">\n\t\t\t\t\n\n<figure class=\"wp-block-image size-full\"><div class=\"t2-image-credit-wrapper\"><img loading=\"lazy\" decoding=\"async\" srcset=\"https:\/\/v.imgi.no\/visitbodo-10821-585a85132713fd169f4850fd972facca-112x150\/tranoy-fyr-39.jpg 112w, https:\/\/v.imgi.no\/visitbodo-10821-585a85132713fd169f4850fd972facca-225x300\/tranoy-fyr-39.jpg 225w, https:\/\/v.imgi.no\/visitbodo-10821-585a85132713fd169f4850fd972facca-768x1024\/tranoy-fyr-39.jpg 768w, https:\/\/v.imgi.no\/visitbodo-10821-585a85132713fd169f4850fd972facca-768x1024\/tranoy-fyr-39.jpg 768w, https:\/\/v.imgi.no\/visitbodo-10821-585a85132713fd169f4850fd972facca-1152x1536\/tranoy-fyr-39.jpg 1152w, https:\/\/v.imgi.no\/visitbodo-10821-585a85132713fd169f4850fd972facca-1536x2048\/tranoy-fyr-39.jpg 1536w, https:\/\/v.imgi.no\/visitbodo-10821-585a85132713fd169f4850fd972facca-1176x1568\/tranoy-fyr-39.jpg 1176w, https:\/\/v.imgi.no\/visitbodo-10821-585a85132713fd169f4850fd972facca-1920x2560\/tranoy-fyr-39.jpg 1920w\" sizes=\"(max-width: 1920px) 100vw, 1920px\" src=\"https:\/\/v.imgi.no\/visitbodo-10821-585a85132713fd169f4850fd972facca-3460x4614\/tranoy-fyr-39.jpg\" alt=\"Tran\u00f8y fyr\" class=\"imageshop-document-id-4965284 wp-image-10821\"\/ height=\"3460\" width=\"4614\"><span class=\"t2-image-credit\">\n\t\t\t\t<button type=\"button\" class=\"t2-image-credit-toggle\" aria-expanded=\"false\" aria-controls=\"image-credit-1\" aria-label=\"Toggle image credit\"><svg xmlns=\"http:\/\/www.w3.org\/2000\/svg\" viewBox=\"0 0 24 24\" height=\"24\" width=\"24\" class=\"t2-icon t2-icon-info\" aria-hidden=\"true\" focusable=\"false\"><path d=\"M12 17c.3 0 .5-.1.7-.3s.3-.4.3-.7v-4c0-.3-.1-.5-.3-.7-.2-.2-.4-.3-.7-.3s-.5.1-.7.3c-.2.2-.3.4-.3.7v4c0 .3.1.5.3.7s.4.3.7.3zm0-8c.3 0 .5-.1.7-.3.2-.2.3-.4.3-.7 0-.3-.1-.5-.3-.7-.2-.2-.4-.3-.7-.3s-.5.1-.7.3c-.2.2-.3.4-.3.7 0 .3.1.5.3.7.2.2.4.3.7.3zm0 13c-1.4 0-2.7-.3-3.9-.8-1.2-.5-2.3-1.2-3.2-2.1s-1.6-2-2.1-3.2S2 13.4 2 12s.3-2.7.8-3.9S4 5.8 4.9 4.9s2-1.6 3.2-2.1S10.6 2 12 2s2.7.3 3.9.8 2.3 1.2 3.2 2.1 1.6 2 2.1 3.2c.5 1.2.8 2.5.8 3.9s-.3 2.7-.8 3.9c-.5 1.2-1.2 2.3-2.1 3.2s-2 1.6-3.2 2.1c-1.2.5-2.5.8-3.9.8z\" fill=\"currentColor\" \/><\/svg><\/button>\n\t\t\t\t<span class=\"t2-image-credit-text wp-element-caption\" id=\"image-credit-1\" hidden>Visit Bod\u00f8<\/span>\n\t\t\t<\/span><\/div><figcaption class=\"wp-element-caption\">Tran\u00f8y fyr (Visit Bod\u00f8)<\/figcaption><\/figure>\n\n\n\n<h2 class=\"wp-block-heading\" id=\"h-vare-medlemmer\">V\u00e5re medlemmer<\/h2>\n\n\n\t\t\t<\/a>\n\t\t<\/div>\n<\/div>\n\n\n<h3 class=\"wp-block-heading has-primary-dark-pink-color has-text-color\" id=\"h-et-felles-salgs-markedsforings-utviklings-og-kompetanseorgan\"><strong>Et felles salgs-, markedsf\u00f8rings-, utviklings- og kompetanseorgan<\/strong><\/h3>\n\n\n\n<p class=\"wp-block-paragraph\">Vi er til for bedrifter, kommuner og organisasjoner som har interesser knyttet til reisem\u00e5lsutvikling og markedsf\u00f8ring av regionen, og skal bidra til \u00e5 l\u00f8se fellesoppgaver for reiselivsn\u00e6ringen og kommunene i Bod\u00f8 og Salten.<\/p>\n\n\n\n<p class=\"wp-block-paragraph\">Visit Bod\u00f8 har et ideelt form\u00e5l som \u00e5pent og inkluderende fellesapparat, der hovedm\u00e5let er \u00e5 utvikle Bod\u00f8 &amp; Salten som reisem\u00e5l. Vi er en medlemsorganisasjon for private og offentlige n\u00e6ringsakt\u00f8rer, og eies av v\u00e5re medlemmer.<\/p>\n\n\n\n<p class=\"wp-block-paragraph has-primary-dark-pink-color has-text-color\"><strong>Visit Bod\u00f8 skal:<\/strong><\/p>\n\n\n\n<ul class=\"wp-block-list\">\n<li>Bidra til \u00f8kt verdiskaping, bedre samfunnsutvikling og mest mulig milj\u00f8vennlige l\u00f8sninger i n\u00e6ringen og lokalsamfunnene i Bod\u00f8 og Salten hele \u00e5ret.<\/li>\n\n\n\n<li>Markedsf\u00f8re regionen som reisem\u00e5l overfor ferie-, fritids-, m\u00f8te- og arrangementsmarkedene<\/li>\n\n\n\n<li>Sikre en god og profesjonell vertskapsfunksjon i regionen ved kundetilpassede digitale.informasjonsl\u00f8sninger og mottak av presse- og visningsturer.<\/li>\n\n\n\n<li>Stimulere til kompetanseheving og produktutvikling og v\u00e6re en p\u00e5driver for aktiviteter, prosesser og prosjekter som er viktige for reiselivsn\u00e6ringen og kommunene.<\/li>\n\n\n\n<li>Gjennom r\u00e5dgivning, samling og koordinering av ressurser og interesser arbeide for en b\u00e6rekraftig utvikling av reiselivsn\u00e6ringen og kommunene.<\/li>\n\n\n\n<li>V\u00e6re reiselivet i regionen sin representant i relevante lokale, nasjonale og internasjonale fora.<\/li>\n\n\n\n<li>V\u00e6re p\u00e5driver for samarbeid mellom n\u00e6ringsakt\u00f8rer, kommuner og steder i- og utenfor Salten.&nbsp;<\/li>\n<\/ul>\n\n\n\n<h2 class=\"wp-block-heading has-primary-dark-pink-color has-text-color\" id=\"h-nyttige-dokumenter\">Nyttige dokumenter<\/h2>\n\n\n\n<div class=\"wp-block-buttons alignwide is-content-justification-center is-layout-flex wp-container-core-buttons-is-layout-16018d1d wp-block-buttons-is-layout-flex\">\n<div class=\"wp-block-button\"><a class=\"wp-block-button__link wp-element-button\" href=\"https:\/\/visitbodo.com\/content\/uploads\/sites\/17\/2025\/08\/Markeds-og-aktivitetsplan-2025.pdf\" target=\"_blank\" rel=\"noreferrer noopener\">Markeds- og aktivitetsplan 2025<\/a><\/div>\n\n\n\n<div class=\"wp-block-button\"><a class=\"wp-block-button__link wp-element-button\" href=\"https:\/\/visitbodo.com\/content\/uploads\/2024\/06\/Virksomhetsstrategi-Visit-Bodo-2024-2028_ekstern.pdf\" target=\"_blank\" rel=\"noreferrer noopener\">Virksomhetsstrategi<\/a><\/div>\n<\/div>\n","protected":false},"excerpt":{"rendered":"<p>Visit Bod\u00f8 er destinasjonsselskapet for Bod\u00f8 &amp; Salten Vi skal bidra til flere bes\u00f8kende til Bod\u00f8 &amp; Salten gjennom omd\u00f8mmebygging, ansvarlig markedsf\u00f8ring, b\u00e6rekraftig utvikling, innovasjon, innsikt, kompetanse, vertskap og samhandling.&nbsp; Vi skal ogs\u00e5 bidra til \u00f8kt l\u00f8nnsomhet, b\u00e6rekraft og sysselsetting for deg som\u00a0partner og til kommunene i Salten. Et felles salgs-, markedsf\u00f8rings-, utviklings- og kompetanseorgan [&hellip;]<\/p>\n","protected":false},"author":10,"featured_media":15533,"parent":0,"menu_order":0,"comment_status":"closed","ping_status":"closed","template":"","meta":{"_trash_the_other_posts":false,"t2_hide_was_this_helpful":false,"vlb_sustainable_destination_logo":false,"vlb_green_travel_logo":false,"vlb_location_geodata_lat":0,"vlb_location_geodata_lng":0,"editor_notices":[],"footnotes":""},"cbis_category":[],"cbis_attribute":[],"destination_cat":[],"season_cat":[],"topic_cat":[246],"target-audience":[],"class_list":["post-444","page","type-page","status-publish","has-post-thumbnail","hentry","topic_cat-om-visit-bodo"],"yoast_head":"<!-- This site is optimized with the Yoast SEO Premium plugin v21.9 (Yoast SEO v21.9.1) - https:\/\/yoast.com\/wordpress\/plugins\/seo\/ -->\n<title>Om Visit Bod\u00f8 - Bransjenett<\/title>\n<meta name=\"robots\" content=\"index, follow, max-snippet:-1, max-image-preview:large, max-video-preview:-1\" \/>\n<link rel=\"canonical\" href=\"https:\/\/visitbodo.com\/bransjenett\/om-oss\/\" \/>\n<meta property=\"og:locale\" content=\"nb_NO\" \/>\n<meta property=\"og:type\" content=\"article\" \/>\n<meta property=\"og:title\" content=\"Om Visit Bod\u00f8\" \/>\n<meta property=\"og:description\" content=\"Visit Bod\u00f8 er destinasjonsselskapet for Bod\u00f8 &amp; Salten Vi skal bidra til flere bes\u00f8kende til Bod\u00f8 &amp; Salten gjennom omd\u00f8mmebygging, ansvarlig markedsf\u00f8ring, b\u00e6rekraftig utvikling, innovasjon, innsikt, kompetanse, vertskap og samhandling.&nbsp; Vi skal ogs\u00e5 bidra til \u00f8kt l\u00f8nnsomhet, b\u00e6rekraft og sysselsetting for deg som\u00a0partner og til kommunene i Salten. Et felles salgs-, markedsf\u00f8rings-, utviklings- og kompetanseorgan [&hellip;]\" \/>\n<meta property=\"og:url\" content=\"https:\/\/visitbodo.com\/bransjenett\/om-oss\/\" \/>\n<meta property=\"og:site_name\" content=\"Bransjenett\" \/>\n<meta property=\"article:modified_time\" content=\"2025-08-14T12:35:48+00:00\" \/>\n<meta property=\"og:image\" content=\"https:\/\/v.imgi.no\/visitbodo-15533-b28e301253289d0294ddba6a5e19f11f-1176x784\/vinterlys-bodo_zdeno-dvorak.jpg\" \/>\n<meta name=\"twitter:card\" content=\"summary_large_image\" \/>\n<meta name=\"twitter:label1\" content=\"Ansl. lesetid\" \/>\n\t<meta name=\"twitter:data1\" content=\"2 minutter\" \/>\n<script type=\"application\/ld+json\" class=\"yoast-schema-graph\">{\"@context\":\"https:\/\/schema.org\",\"@graph\":[{\"@type\":\"WebPage\",\"@id\":\"https:\/\/visitbodo.com\/bransjenett\/om-oss\/\",\"url\":\"https:\/\/visitbodo.com\/bransjenett\/om-oss\/\",\"name\":\"Om Visit Bod\u00f8 - Bransjenett\",\"isPartOf\":{\"@id\":\"https:\/\/visitbodo.com\/bransjenett\/#website\"},\"datePublished\":\"2022-04-12T12:49:41+00:00\",\"dateModified\":\"2025-08-14T12:35:48+00:00\",\"breadcrumb\":{\"@id\":\"https:\/\/visitbodo.com\/bransjenett\/om-oss\/#breadcrumb\"},\"inLanguage\":\"nb-NO\",\"potentialAction\":[{\"@type\":\"ReadAction\",\"target\":[\"https:\/\/visitbodo.com\/bransjenett\/om-oss\/\"]}]},{\"@type\":\"BreadcrumbList\",\"@id\":\"https:\/\/visitbodo.com\/bransjenett\/om-oss\/#breadcrumb\",\"itemListElement\":[{\"@type\":\"ListItem\",\"position\":1,\"name\":\"Home\",\"item\":\"https:\/\/visitbodo.com\/bransjenett\/\"},{\"@type\":\"ListItem\",\"position\":2,\"name\":\"Om Visit Bod\u00f8\"}]},{\"@type\":\"WebSite\",\"@id\":\"https:\/\/visitbodo.com\/bransjenett\/#website\",\"url\":\"https:\/\/visitbodo.com\/bransjenett\/\",\"name\":\"Bransjenett\",\"description\":\"Visit Bod\u00f8 Bransjenett - for reiselivsn\u00e6ringen i Bod\u00f8 &amp; Salten\",\"publisher\":{\"@id\":\"https:\/\/visitbodo.com\/bransjenett\/#organization\"},\"potentialAction\":[{\"@type\":\"SearchAction\",\"target\":{\"@type\":\"EntryPoint\",\"urlTemplate\":\"https:\/\/visitbodo.com\/bransjenett\/?s={search_term_string}\"},\"query-input\":\"required name=search_term_string\"}],\"inLanguage\":\"nb-NO\"},{\"@type\":\"Organization\",\"@id\":\"https:\/\/visitbodo.com\/bransjenett\/#organization\",\"name\":\"Bransjenett\",\"url\":\"https:\/\/visitbodo.com\/bransjenett\/\",\"logo\":{\"@type\":\"ImageObject\",\"inLanguage\":\"nb-NO\",\"@id\":\"https:\/\/visitbodo.com\/bransjenett\/#\/schema\/logo\/image\/\",\"url\":\"https:\/\/v.imgi.no\/visitbodo-16257-d30ee3fec75d9ae0d56e1a07ec7663ca-330x159\/logo_winter_negative.jpg\",\"contentUrl\":\"https:\/\/v.imgi.no\/visitbodo-16257-d30ee3fec75d9ae0d56e1a07ec7663ca-330x159\/logo_winter_negative.jpg\",\"caption\":\"Bransjenett\"},\"image\":{\"@id\":\"https:\/\/visitbodo.com\/bransjenett\/#\/schema\/logo\/image\/\"}}]}<\/script>\n<!-- \/ Yoast SEO Premium plugin. -->","yoast_head_json":{"title":"Om Visit Bod\u00f8 - Bransjenett","robots":{"index":"index","follow":"follow","max-snippet":"max-snippet:-1","max-image-preview":"max-image-preview:large","max-video-preview":"max-video-preview:-1"},"canonical":"https:\/\/visitbodo.com\/bransjenett\/om-oss\/","og_locale":"nb_NO","og_type":"article","og_title":"Om Visit Bod\u00f8","og_description":"Visit Bod\u00f8 er destinasjonsselskapet for Bod\u00f8 &amp; Salten Vi skal bidra til flere bes\u00f8kende til Bod\u00f8 &amp; Salten gjennom omd\u00f8mmebygging, ansvarlig markedsf\u00f8ring, b\u00e6rekraftig utvikling, innovasjon, innsikt, kompetanse, vertskap og samhandling.&nbsp; Vi skal ogs\u00e5 bidra til \u00f8kt l\u00f8nnsomhet, b\u00e6rekraft og sysselsetting for deg som\u00a0partner og til kommunene i Salten. Et felles salgs-, markedsf\u00f8rings-, utviklings- og kompetanseorgan [&hellip;]","og_url":"https:\/\/visitbodo.com\/bransjenett\/om-oss\/","og_site_name":"Bransjenett","article_modified_time":"2025-08-14T12:35:48+00:00","og_image":[{"url":"https:\/\/v.imgi.no\/visitbodo-15533-b28e301253289d0294ddba6a5e19f11f-1176x784\/vinterlys-bodo_zdeno-dvorak.jpg"}],"twitter_card":"summary_large_image","twitter_misc":{"Ansl. lesetid":"2 minutter"},"schema":{"@context":"https:\/\/schema.org","@graph":[{"@type":"WebPage","@id":"https:\/\/visitbodo.com\/bransjenett\/om-oss\/","url":"https:\/\/visitbodo.com\/bransjenett\/om-oss\/","name":"Om Visit Bod\u00f8 - Bransjenett","isPartOf":{"@id":"https:\/\/visitbodo.com\/bransjenett\/#website"},"datePublished":"2022-04-12T12:49:41+00:00","dateModified":"2025-08-14T12:35:48+00:00","breadcrumb":{"@id":"https:\/\/visitbodo.com\/bransjenett\/om-oss\/#breadcrumb"},"inLanguage":"nb-NO","potentialAction":[{"@type":"ReadAction","target":["https:\/\/visitbodo.com\/bransjenett\/om-oss\/"]}]},{"@type":"BreadcrumbList","@id":"https:\/\/visitbodo.com\/bransjenett\/om-oss\/#breadcrumb","itemListElement":[{"@type":"ListItem","position":1,"name":"Home","item":"https:\/\/visitbodo.com\/bransjenett\/"},{"@type":"ListItem","position":2,"name":"Om Visit Bod\u00f8"}]},{"@type":"WebSite","@id":"https:\/\/visitbodo.com\/bransjenett\/#website","url":"https:\/\/visitbodo.com\/bransjenett\/","name":"Bransjenett","description":"Visit Bod\u00f8 Bransjenett - for reiselivsn\u00e6ringen i Bod\u00f8 &amp; Salten","publisher":{"@id":"https:\/\/visitbodo.com\/bransjenett\/#organization"},"potentialAction":[{"@type":"SearchAction","target":{"@type":"EntryPoint","urlTemplate":"https:\/\/visitbodo.com\/bransjenett\/?s={search_term_string}"},"query-input":"required name=search_term_string"}],"inLanguage":"nb-NO"},{"@type":"Organization","@id":"https:\/\/visitbodo.com\/bransjenett\/#organization","name":"Bransjenett","url":"https:\/\/visitbodo.com\/bransjenett\/","logo":{"@type":"ImageObject","inLanguage":"nb-NO","@id":"https:\/\/visitbodo.com\/bransjenett\/#\/schema\/logo\/image\/","url":"https:\/\/v.imgi.no\/visitbodo-16257-d30ee3fec75d9ae0d56e1a07ec7663ca-330x159\/logo_winter_negative.jpg","contentUrl":"https:\/\/v.imgi.no\/visitbodo-16257-d30ee3fec75d9ae0d56e1a07ec7663ca-330x159\/logo_winter_negative.jpg","caption":"Bransjenett"},"image":{"@id":"https:\/\/visitbodo.com\/bransjenett\/#\/schema\/logo\/image\/"}}]}},"_links":{"self":[{"href":"https:\/\/visitbodo.com\/bransjenett\/wp-json\/wp\/v2\/pages\/444","targetHints":{"allow":["GET"]}}],"collection":[{"href":"https:\/\/visitbodo.com\/bransjenett\/wp-json\/wp\/v2\/pages"}],"about":[{"href":"https:\/\/visitbodo.com\/bransjenett\/wp-json\/wp\/v2\/types\/page"}],"author":[{"embeddable":true,"href":"https:\/\/visitbodo.com\/bransjenett\/wp-json\/wp\/v2\/users\/10"}],"replies":[{"embeddable":true,"href":"https:\/\/visitbodo.com\/bransjenett\/wp-json\/wp\/v2\/comments?post=444"}],"version-history":[{"count":29,"href":"https:\/\/visitbodo.com\/bransjenett\/wp-json\/wp\/v2\/pages\/444\/revisions"}],"predecessor-version":[{"id":16506,"href":"https:\/\/visitbodo.com\/bransjenett\/wp-json\/wp\/v2\/pages\/444\/revisions\/16506"}],"wp:featuredmedia":[{"embeddable":true,"href":"https:\/\/visitbodo.com\/bransjenett\/wp-json\/wp\/v2\/media\/15533"}],"wp:attachment":[{"href":"https:\/\/visitbodo.com\/bransjenett\/wp-json\/wp\/v2\/media?parent=444"}],"wp:term":[{"taxonomy":"cbis_category","embeddable":true,"href":"https:\/\/visitbodo.com\/bransjenett\/wp-json\/wp\/v2\/cbis_category?post=444"},{"taxonomy":"cbis_attribute","embeddable":true,"href":"https:\/\/visitbodo.com\/bransjenett\/wp-json\/wp\/v2\/cbis_attribute?post=444"},{"taxonomy":"destination_cat","embeddable":true,"href":"https:\/\/visitbodo.com\/bransjenett\/wp-json\/wp\/v2\/destination_cat?post=444"},{"taxonomy":"season_cat","embeddable":true,"href":"https:\/\/visitbodo.com\/bransjenett\/wp-json\/wp\/v2\/season_cat?post=444"},{"taxonomy":"topic_cat","embeddable":true,"href":"https:\/\/visitbodo.com\/bransjenett\/wp-json\/wp\/v2\/topic_cat?post=444"},{"taxonomy":"target-audience","embeddable":true,"href":"https:\/\/visitbodo.com\/bransjenett\/wp-json\/wp\/v2\/target-audience?post=444"}],"curies":[{"name":"wp","href":"https:\/\/api.w.org\/{rel}","templated":true}]}}