{"id":3398,"date":"2022-05-16T08:27:09","date_gmt":"2022-05-16T08:27:09","guid":{"rendered":"https:\/\/visitbodo.com\/?page_id=3398"},"modified":"2024-02-08T13:31:58","modified_gmt":"2024-02-08T13:31:58","slug":"personvernerklaering","status":"publish","type":"page","link":"https:\/\/visitbodo.com\/bransjenett\/personvernerklaering\/","title":{"rendered":"Personvernerkl\u00e6ring"},"content":{"rendered":"\n<h2 class=\"wp-block-heading\" id=\"h-personvererklaering-og-cookies\">Personvererkl\u00e6ring og Cookies<\/h2>\n\n\n\n<p class=\"wp-block-paragraph\">Under forklarer vi hvordan og hvorfor vi samler inn informasjon om v\u00e5re bes\u00f8kende og brukere. Brukernes tillit er viktig for oss, og vi er opptatt av \u00e5 ivareta ditt personvern.<\/p>\n\n\n\n<p class=\"wp-block-paragraph\"><\/p>\n\n\n\n<p class=\"wp-block-paragraph\"><strong>1. INNLEDENDE BESTEMMELSER<\/strong><\/p>\n\n\n\n<p class=\"wp-block-paragraph\">Denne personvernerkl\u00e6ringen gjelder for&nbsp;<strong>visitbodo.com<\/strong>&nbsp;og tilknyttede publikasjoner og tjenester.<\/p>\n\n\n\n<p class=\"wp-block-paragraph\"><strong>2. DERFOR LAGRER VI INFORMASJON<\/strong><\/p>\n\n\n\n<p class=\"wp-block-paragraph\">Vi lagrer informasjon av flere grunner:<\/p>\n\n\n\n<ul class=\"wp-block-list\">\n<li>For at systemet skal kunne kjenne igjen brukerne v\u00e5re, for \u00e5 kunne bruke tjenestene<\/li>\n\n\n\n<li>For \u00e5 ha en bekreftelse p\u00e5 kj\u00f8p\/p\u00e5melding<\/li>\n\n\n\n<li>For at brukerne v\u00e5re skal kunne melde seg p\u00e5 v\u00e5re arrangement<\/li>\n\n\n\n<li>For m\u00e5lretting og fjerning av annonser og redaksjonelt innhold som er relevant\/irrelevante for deg<\/li>\n\n\n\n<li>For \u00e5 kunne sende deg oppdatert informasjon om kurs og konferanser du har meldt deg p\u00e5<\/li>\n\n\n\n<li>Utvikle og forbedre v\u00e5re tjenester gjennom \u00e5 forst\u00e5 hvordan de brukes<\/li>\n\n\n\n<li>Behandling av s\u00f8knader&nbsp;<\/li>\n<\/ul>\n\n\n\n<p class=\"wp-block-paragraph\"><strong>3. DETTE BRUKER VI IKKE INFORMASJONEN TIL<\/strong><\/p>\n\n\n\n<p class=\"wp-block-paragraph\">Informasjon du oppgir til oss blir kun lagret i v\u00e5re systemer. Informasjonen vil ikke selges videre, og vil kun benyttes til \u00e5 gi deg som bruker mer relevant informasjon og bedre tjenester.<\/p>\n\n\n\n<p class=\"wp-block-paragraph\">Tredjeparter (som&nbsp;<a href=\"https:\/\/www.google.com\/policies\/privacy\/\" target=\"_blank\" rel=\"noreferrer noopener\">Google Analytics<\/a>&nbsp;og&nbsp;Facebook Pixel) vil kunne hente ut IP-adresse og data basert p\u00e5 dine surfem\u00f8nstre. Vi er pliktig \u00e5 p\u00e5se at disse tredjepartene behandler data i tr\u00e5d med norsk regelverk.<\/p>\n\n\n\n<p class=\"wp-block-paragraph\"><strong>4. SLIK SAMLES OPPLYSNINGENE INN<\/strong><\/p>\n\n\n\n<p class=\"wp-block-paragraph\"><strong>ANONYME OPPLYSNINGER<\/strong><\/p>\n\n\n\n<p class=\"wp-block-paragraph\">Det blir loggf\u00f8rt hvilke nettsider som er bes\u00f8kt, tidspunkt, nettleser og fra hvilken IP-adresse bes\u00f8ket kommer fra.&nbsp;<\/p>\n\n\n\n<p class=\"wp-block-paragraph\"><strong>PERSONOPPLYSNINGER<\/strong><\/p>\n\n\n\n<p class=\"wp-block-paragraph\"><strong>REGISTRERING AV BRUKERKONTO<\/strong><\/p>\n\n\n\n<p class=\"wp-block-paragraph\">Ved registrering av brukerkonto lagrer vi e-postadresser.<\/p>\n\n\n\n<p class=\"wp-block-paragraph\">Vi kan ogs\u00e5 lagre valgfrie opplysninger som fullt navn og telefonnummer.<\/p>\n\n\n\n<p class=\"wp-block-paragraph\"><strong>P\u00c5MELDING TIL KURS OG KONFERANSER<\/strong><\/p>\n\n\n\n<p class=\"wp-block-paragraph\">Ved p\u00e5melding til v\u00e5re kurs og konferanser vil vi kun lagre den informasjonen du selv oppgir ved p\u00e5melding.<\/p>\n\n\n\n<p class=\"wp-block-paragraph\"><strong>5. INFORMASJON SOM LAGRES LOKALT<\/strong><\/p>\n\n\n\n<p class=\"wp-block-paragraph\">Vi bruker eksempelvis informasjonskapsler til \u00e5 lagre anonym identifikasjon lokalt i din nettleser. Disse brukes til \u00e5 forbedre brukeropplevelsen. F.eks \u00e5 huske skjemadata som er skrevet inn, slik at disse blir husket til senere bruk.<\/p>\n\n\n\n<p class=\"wp-block-paragraph\">Vi inkluderer ogs\u00e5 elementer fra tredjepartstjenester som f. eks Facebook, Linkedin, Twitter og Google+, som laster sine egne informasjonskapsler som lesere har p\u00e5 disse tjenestene fra f\u00f8r.<\/p>\n\n\n\n<p class=\"wp-block-paragraph\" id=\"h-6-hvordan-vi-bruker-informasjonskapsler-cookies\"><strong>6. HVORDAN VI BRUKER INFORMASJONSKAPSLER (COOKIES)<\/strong><\/p>\n\n\n\n<p class=\"wp-block-paragraph\">Visit Bod\u00f8 bruker informasjonskapsler i markedsf\u00f8ringen. Informasjonskaplene bidrar til \u00e5 gj\u00f8re markedsf\u00f8ringen mer relevant for brukeren.<\/p>\n\n\n\n<p class=\"wp-block-paragraph\">Ved \u00e5 bruke nettsiden v\u00e5r samtykker du til at vi kan vise deg tilpassede og relevante annonser p\u00e5 nettstedene du bes\u00f8ker. Dette gj\u00f8r vi ved bruk av Google Tag Manager. Du kan til enhver tid velge \u00e5 gi fra deg samtykket og slette informasjonskapslene, se punkt &#8230;<\/p>\n\n\n\n<p class=\"wp-block-paragraph\">Visitbodo.com bruker f\u00f8lgende informasjonskapsler for \u00e5 gi deg persontilpasset markedsf\u00f8ring:<\/p>\n\n\n\n<p class=\"wp-block-paragraph\" id=\"h-facebook-pixel\"><strong>Meta Pixel<\/strong><\/p>\n\n\n\n<p class=\"wp-block-paragraph\">Visit Bod\u00f8 bruker Meta Pixel for \u00e5 m\u00e5le trafikk mellom Meta og nettsidene v\u00e5re. Meta Pixel er en informasjonskapsel brukerne selv velger \u00e5 laste ned gjennom Meta til enheten de bruker. Ved \u00e5 samtykke til bruk av denne type informasjonskapsel gj\u00f8r brukeren det mulig for Meta \u00e5 koble sammen Meta-brukeren til trafikken p\u00e5 visitbodo.com. P\u00e5 denne m\u00e5ten kan vi tilpasse markedsf\u00f8ringen til hvordan brukeren bruker nettsiden v\u00e5r.<\/p>\n\n\n\n<p class=\"wp-block-paragraph\">Vi deler data med samarbeidspartnere. Disse dataene kan brukes til m\u00e5lrettet annonsering p\u00e5 Meta. <br><br><a href=\"https:\/\/www.facebook.com\/about\/ads\/\" target=\"_blank\" rel=\"noreferrer noopener\">Les mer om hvordan Facebook bruker informasjonskapsler.<\/a><\/p>\n\n\n\n<p class=\"wp-block-paragraph\" id=\"h-snapchat-pixel\"><strong>Snapchat Pixel<\/strong><\/p>\n\n\n\n<p class=\"wp-block-paragraph\">Visit Bod\u00f8 bruker Snap Pixel for \u00e5 tilpasse markedsf\u00f8ringen ve \u00e5 spore trafikk fra Snapchat til visitbodo.com. Dette gj\u00f8r vi for \u00e5 m\u00e5le hvordan innleggene v\u00e5re p\u00e5 Snapchat skaper trafikk til nettsiden. Snap Pixel blir lagt inn via Google Tag Manager.<br><a href=\"https:\/\/www.snap.com\/nb-NO\/privacy\/privacy-center\/\" target=\"_blank\" rel=\"noreferrer noopener\">Ler mer om hvordan Snapchat behandler personvern.<\/a><\/p>\n\n\n\n<p class=\"wp-block-paragraph\" id=\"h-google-remarketing-og-google-ads\"><strong>Google remarketing og Google Ads<\/strong><\/p>\n\n\n\n<p class=\"wp-block-paragraph\">Visit Bod\u00f8 bruker remarketing fra Google Ads for \u00e5 n\u00e5 personer som tidligere har v\u00e6rt inne p\u00e5 visitbodo.com. Det vil si at tidligere bes\u00f8kende kan motta relevante annonser fra oss p\u00e5 andre nettsteder. Ved \u00e5 bruke visitbodo.com godkjenner du at Google behandler opplysninger om deg.&nbsp;<a href=\"https:\/\/adssettings.google.com\/u\/0\/authenticated?hl=no\" target=\"_blank\" rel=\"noreferrer noopener\">Du kan selv tilpasse annonseinnstillingene dine hos Google.<\/a><\/p>\n\n\n\n<p class=\"wp-block-paragraph\" id=\"h-adform\"><strong>Adform<\/strong><\/p>\n\n\n\n<p class=\"wp-block-paragraph\">Visit Bod\u00f8 bruker Adform for \u00e5 m\u00e5le effekten av annonsen v\u00e5re slik at vi kan levere mer relevante annonser. Adform bruker informasjonskapsler slik at vi kan m\u00e5lrette annonsene v\u00e5re til utvalgte m\u00e5lgrupper, frekvensstyre annonsene etter aktivitet, se brukeradferd til brukerne opp mot v\u00e5r annonsering, og samle informasjon om interesser for \u00e5 skape mer relevante annonser til brukerne v\u00e5re. Adform lagrer ingen personlige opplysninger og data er anonymiserte.<\/p>\n\n\n\n<p class=\"wp-block-paragraph\">Google Tag Manager og AdWords plasserer en informasjonskapsel p\u00e5 enheten din for \u00e5 gi kampanjerelatert informasjon. Informasjonskapselen blir slettet etter 90 dager.<br><\/p>\n\n\n\n<p class=\"wp-block-paragraph\" id=\"h-7-behandling-av-personopplysninger-cookies\"><strong>7. BEHANDLING AV PERSONOPPLYSNINGER \/ COOKIES<\/strong><\/p>\n\n\n\n<p class=\"wp-block-paragraph\">Personopplysninger vil bli lagret i v\u00e5r database, behandlet og publisert i samsvar med bestemmelsene i personopplysningsloven, og slik det fremg\u00e5r nedenfor.<\/p>\n\n\n\n<p class=\"wp-block-paragraph\">Se&nbsp;<a href=\"https:\/\/lovdata.no\/dokument\/NL\/lov\/2018-06-15-38\" target=\"_blank\" rel=\"noreferrer noopener\">personopplysningsloven<\/a>&nbsp;hos Lovdata. Mer om grunnleggende personvern, se \u00ab<a href=\"http:\/\/www.datatilsynet.no\/personvern\/Personopplysninger\/\" target=\"_blank\" rel=\"noreferrer noopener\">Hva er en personopplysning?<\/a>\u00bb hos Datatilsynet.<\/p>\n\n\n\n<p class=\"wp-block-paragraph\">N\u00e5r det gjelder samtykke til bruk av informasjonskapsler (cookies), reguleres dette av&nbsp;<a href=\"https:\/\/lovdata.no\/dokument\/NL\/lov\/2003-07-04-83?q=ekomloven\" target=\"_blank\" rel=\"noreferrer noopener\">ekom-loven<\/a>. Mer om dette finner du ogs\u00e5 p\u00e5&nbsp;<a href=\"https:\/\/www.datatilsynet.no\/Teknologi\/Internett\/cookies\/\" target=\"_blank\" rel=\"noreferrer noopener\">Datatilsynets side om informasjonskapsler<\/a>.<\/p>\n\n\n\n<p class=\"wp-block-paragraph\" id=\"h-8-behandlingsansvarlig\"><strong>8. BEHANDLINGSANSVARLIG<\/strong><\/p>\n\n\n\n<p class=\"wp-block-paragraph\">Dine personopplysninger vil bli behandlet av Visit Bod\u00f8 som er behandlingsansvarlig, og v\u00e5re IT-leverand\u00f8rer for det form\u00e5l \u00e5 levere tjenester og for \u00e5 bedre tjenestene.&nbsp;<br><br>Vi engasjerer dessuten noen ganger andre firmaer for \u00e5 bidra til v\u00e5r utvikling, og vi kan i slike tilfeller gi disse firmaene de opplysninger de trenger for \u00e5 utf\u00f8re dette. Dine personopplysningene vil for \u00f8vrig ikke utleveres til andre uten at du har gitt ditt samtykke, eller vi er rettslig forpliktet til utlevering.<\/p>\n\n\n\n<p class=\"wp-block-paragraph\">Dine personopplysninger lagres innenfor EU\/E\u00d8S-omr\u00e5det, og iht. norsk personvernlovgivning.<\/p>\n\n\n\n<p class=\"wp-block-paragraph\" id=\"h-9-registrert-profildata-innsyn-og-retting\"><strong>9. REGISTRERT PROFILDATA, INNSYN OG RETTING<\/strong><\/p>\n\n\n\n<p class=\"wp-block-paragraph\">Opplysningene du selv gir ved registrering (navn, epost etc.) og ved redigering av denne profil benyttes for \u00e5 levere og videreutvikle tjenesten, samt til analyse og til statistisk form\u00e5l.<\/p>\n\n\n\n<ul class=\"wp-block-list\">\n<li>Det er du selv som registrerer informasjonen i v\u00e5r database.<\/li>\n\n\n\n<li>Du har rett til \u00e5 be om innsyn i hvilke opplysninger som er registrert om deg, og dersom de er uriktige eller ufullstendige, kan du f\u00e5 dem rettet, supplert eller slettet. Dette kan du gj\u00f8re ved \u00e5 kontakte oss.<\/li>\n\n\n\n<li>Du har rett til \u00e5 be om \u00e5 f\u00e5 dine personopplysninger slettet fra v\u00e5re databaser. Dette im\u00f8tekommer vi s\u00e5 lenge tjenesten du vil slettes fra ikke har s\u00e6regne krav og begrunnelser for \u00e5 ta vare p\u00e5 dataene dine.<\/li>\n\n\n\n<li>Ved mistanke om grovt feilaktige opplysninger i brukerprofil kan vi slette din konto uten n\u00e6rmere saksgang.<\/li>\n<\/ul>\n\n\n\n<p class=\"wp-block-paragraph\" id=\"h-9b-den-registrertes-rettigheter-inkluderer-ogsa\"><strong>9B. DEN REGISTRERTES RETTIGHETER INKLUDERER OGS\u00c5<\/strong><\/p>\n\n\n\n<ul class=\"wp-block-list\">\n<li>Du har rett til \u00e5 anmode om begrensning av behandlingen.<\/li>\n\n\n\n<li>Du har rett til \u00e5 protestere p\u00e5 behandlingen.<\/li>\n\n\n\n<li>Du har rett til dataportabilitet.<\/li>\n\n\n\n<li>Du har rett til \u00e5 klage til datatilsynet.<\/li>\n\n\n\n<li>Du har rett til n\u00e5r som helst \u00e5 tilbakekalle ditt samtykke.<\/li>\n<\/ul>\n\n\n\n<p class=\"wp-block-paragraph\" id=\"h-10-slik-forhindrer-du-at-informasjonskapsler-lagres\"><strong>10. SLIK FORHINDRER DU AT INFORMASJONSKAPSLER LAGRES<\/strong><\/p>\n\n\n\n<p class=\"wp-block-paragraph\">Du kan slette informasjonskapsler fra din harddisk n\u00e5r som helst, men dette gj\u00f8r at dine personlige innstillinger forsvinner.<\/p>\n\n\n\n<p class=\"wp-block-paragraph\">Du kan ogs\u00e5 endre innstillingene i din nettleser slik at den ikke tillater at informasjonskapsler lagres p\u00e5 din harddisk. Dette gir imidlertid d\u00e5rligere funksjonalitet p\u00e5 visse nettsider, kan forhindre tilgang til sider som krever innlogging og gj\u00f8re at deler av innhold og enkelte funksjoner ikke blir tilgjengelige.<\/p>\n\n\n\n<p class=\"wp-block-paragraph\">For \u00e5 unng\u00e5 at s\u00e5kalte anonyme identifikatorer blir lagret, m\u00e5 du deaktivere javascript i nettleseren din. Javascript er imidlertid n\u00f8dvendig for at mange grunnleggende funksjoner p\u00e5 nettsidene skal fungere.<\/p>\n\n\n\n<p class=\"wp-block-paragraph\">Hvis du \u00f8nsker kontroll over hvilke tredjeparter som benytter teknologien til ulike form\u00e5l, anbefaler vi verkt\u00f8y som Ghostery og Disconnect.<\/p>\n\n\n\n<p class=\"wp-block-paragraph\">For mer informasjon om informasjonskapsler og innstillinger henviser vi til allaboutcookies.org.<\/p>\n\n\n\n<p class=\"wp-block-paragraph\" id=\"h-11-kontaktinformasjon\"><strong>11. KONTAKTINFORMASJON<\/strong><\/p>\n\n\n\n<p class=\"wp-block-paragraph\">VISIT BOD\u00d8<br><br>Bes\u00f8kadresse: Dronningensgate 15, 8006 Bod\u00f8 &nbsp; &nbsp; &nbsp;&nbsp;<br>E-post:&nbsp;<a href=\"mailto:post@visitbodo.com\">post@visitbodo.com<\/a>&nbsp;<br>TLF:<a href=\"tel:+47 755 48010\">+47 755 48010<\/a><br>ORG NR:&nbsp;99 518 715<\/p>\n","protected":false},"excerpt":{"rendered":"<p>Personvererkl\u00e6ring og Cookies Under forklarer vi hvordan og hvorfor vi samler inn informasjon om v\u00e5re bes\u00f8kende og brukere. Brukernes tillit er viktig for oss, og vi er opptatt av \u00e5 ivareta ditt personvern. 1. INNLEDENDE BESTEMMELSER Denne personvernerkl\u00e6ringen gjelder for&nbsp;visitbodo.com&nbsp;og tilknyttede publikasjoner og tjenester. 2. DERFOR LAGRER VI INFORMASJON Vi lagrer informasjon av flere grunner: [&hellip;]<\/p>\n","protected":false},"author":11,"featured_media":0,"parent":0,"menu_order":0,"comment_status":"closed","ping_status":"closed","template":"","meta":{"_trash_the_other_posts":false,"t2_hide_was_this_helpful":false,"vlb_sustainable_destination_logo":false,"vlb_green_travel_logo":false,"vlb_location_geodata_lat":0,"vlb_location_geodata_lng":0,"editor_notices":[],"footnotes":""},"cbis_category":[],"cbis_attribute":[],"destination_cat":[],"season_cat":[],"topic_cat":[],"target-audience":[],"class_list":["post-3398","page","type-page","status-publish","hentry"],"yoast_head":"<!-- This site is optimized with the Yoast SEO Premium plugin v21.9 (Yoast SEO v21.9.1) - https:\/\/yoast.com\/wordpress\/plugins\/seo\/ -->\n<title>Personvernerkl\u00e6ring - Bransjenett<\/title>\n<meta name=\"robots\" content=\"index, follow, max-snippet:-1, max-image-preview:large, max-video-preview:-1\" \/>\n<link rel=\"canonical\" href=\"https:\/\/visitbodo.com\/bransjenett\/personvernerklaering\/\" \/>\n<meta property=\"og:locale\" content=\"nb_NO\" \/>\n<meta property=\"og:type\" content=\"article\" \/>\n<meta property=\"og:title\" content=\"Personvernerkl\u00e6ring\" \/>\n<meta property=\"og:description\" content=\"Personvererkl\u00e6ring og Cookies Under forklarer vi hvordan og hvorfor vi samler inn informasjon om v\u00e5re bes\u00f8kende og brukere. Brukernes tillit er viktig for oss, og vi er opptatt av \u00e5 ivareta ditt personvern. 1. INNLEDENDE BESTEMMELSER Denne personvernerkl\u00e6ringen gjelder for&nbsp;visitbodo.com&nbsp;og tilknyttede publikasjoner og tjenester. 2. DERFOR LAGRER VI INFORMASJON Vi lagrer informasjon av flere grunner: [&hellip;]\" \/>\n<meta property=\"og:url\" content=\"https:\/\/visitbodo.com\/bransjenett\/personvernerklaering\/\" \/>\n<meta property=\"og:site_name\" content=\"Bransjenett\" \/>\n<meta property=\"article:modified_time\" content=\"2024-02-08T13:31:58+00:00\" \/>\n<meta name=\"twitter:card\" content=\"summary_large_image\" \/>\n<meta name=\"twitter:label1\" content=\"Ansl. lesetid\" \/>\n\t<meta name=\"twitter:data1\" content=\"7 minutter\" \/>\n<script type=\"application\/ld+json\" class=\"yoast-schema-graph\">{\"@context\":\"https:\/\/schema.org\",\"@graph\":[{\"@type\":\"WebPage\",\"@id\":\"https:\/\/visitbodo.com\/bransjenett\/personvernerklaering\/\",\"url\":\"https:\/\/visitbodo.com\/bransjenett\/personvernerklaering\/\",\"name\":\"Personvernerkl\u00e6ring - Bransjenett\",\"isPartOf\":{\"@id\":\"https:\/\/visitbodo.com\/bransjenett\/#website\"},\"datePublished\":\"2022-05-16T08:27:09+00:00\",\"dateModified\":\"2024-02-08T13:31:58+00:00\",\"breadcrumb\":{\"@id\":\"https:\/\/visitbodo.com\/bransjenett\/personvernerklaering\/#breadcrumb\"},\"inLanguage\":\"nb-NO\",\"potentialAction\":[{\"@type\":\"ReadAction\",\"target\":[\"https:\/\/visitbodo.com\/bransjenett\/personvernerklaering\/\"]}]},{\"@type\":\"BreadcrumbList\",\"@id\":\"https:\/\/visitbodo.com\/bransjenett\/personvernerklaering\/#breadcrumb\",\"itemListElement\":[{\"@type\":\"ListItem\",\"position\":1,\"name\":\"Home\",\"item\":\"https:\/\/visitbodo.com\/bransjenett\/\"},{\"@type\":\"ListItem\",\"position\":2,\"name\":\"Personvernerkl\u00e6ring\"}]},{\"@type\":\"WebSite\",\"@id\":\"https:\/\/visitbodo.com\/bransjenett\/#website\",\"url\":\"https:\/\/visitbodo.com\/bransjenett\/\",\"name\":\"Bransjenett\",\"description\":\"Visit Bod\u00f8 Bransjenett - for reiselivsn\u00e6ringen i Bod\u00f8 &amp; Salten\",\"publisher\":{\"@id\":\"https:\/\/visitbodo.com\/bransjenett\/#organization\"},\"potentialAction\":[{\"@type\":\"SearchAction\",\"target\":{\"@type\":\"EntryPoint\",\"urlTemplate\":\"https:\/\/visitbodo.com\/bransjenett\/?s={search_term_string}\"},\"query-input\":\"required name=search_term_string\"}],\"inLanguage\":\"nb-NO\"},{\"@type\":\"Organization\",\"@id\":\"https:\/\/visitbodo.com\/bransjenett\/#organization\",\"name\":\"Bransjenett\",\"url\":\"https:\/\/visitbodo.com\/bransjenett\/\",\"logo\":{\"@type\":\"ImageObject\",\"inLanguage\":\"nb-NO\",\"@id\":\"https:\/\/visitbodo.com\/bransjenett\/#\/schema\/logo\/image\/\",\"url\":\"https:\/\/v.imgi.no\/visitbodo-16257-d30ee3fec75d9ae0d56e1a07ec7663ca-330x159\/logo_winter_negative.jpg\",\"contentUrl\":\"https:\/\/v.imgi.no\/visitbodo-16257-d30ee3fec75d9ae0d56e1a07ec7663ca-330x159\/logo_winter_negative.jpg\",\"caption\":\"Bransjenett\"},\"image\":{\"@id\":\"https:\/\/visitbodo.com\/bransjenett\/#\/schema\/logo\/image\/\"}}]}<\/script>\n<!-- \/ Yoast SEO Premium plugin. -->","yoast_head_json":{"title":"Personvernerkl\u00e6ring - Bransjenett","robots":{"index":"index","follow":"follow","max-snippet":"max-snippet:-1","max-image-preview":"max-image-preview:large","max-video-preview":"max-video-preview:-1"},"canonical":"https:\/\/visitbodo.com\/bransjenett\/personvernerklaering\/","og_locale":"nb_NO","og_type":"article","og_title":"Personvernerkl\u00e6ring","og_description":"Personvererkl\u00e6ring og Cookies Under forklarer vi hvordan og hvorfor vi samler inn informasjon om v\u00e5re bes\u00f8kende og brukere. Brukernes tillit er viktig for oss, og vi er opptatt av \u00e5 ivareta ditt personvern. 1. INNLEDENDE BESTEMMELSER Denne personvernerkl\u00e6ringen gjelder for&nbsp;visitbodo.com&nbsp;og tilknyttede publikasjoner og tjenester. 2. DERFOR LAGRER VI INFORMASJON Vi lagrer informasjon av flere grunner: [&hellip;]","og_url":"https:\/\/visitbodo.com\/bransjenett\/personvernerklaering\/","og_site_name":"Bransjenett","article_modified_time":"2024-02-08T13:31:58+00:00","twitter_card":"summary_large_image","twitter_misc":{"Ansl. lesetid":"7 minutter"},"schema":{"@context":"https:\/\/schema.org","@graph":[{"@type":"WebPage","@id":"https:\/\/visitbodo.com\/bransjenett\/personvernerklaering\/","url":"https:\/\/visitbodo.com\/bransjenett\/personvernerklaering\/","name":"Personvernerkl\u00e6ring - Bransjenett","isPartOf":{"@id":"https:\/\/visitbodo.com\/bransjenett\/#website"},"datePublished":"2022-05-16T08:27:09+00:00","dateModified":"2024-02-08T13:31:58+00:00","breadcrumb":{"@id":"https:\/\/visitbodo.com\/bransjenett\/personvernerklaering\/#breadcrumb"},"inLanguage":"nb-NO","potentialAction":[{"@type":"ReadAction","target":["https:\/\/visitbodo.com\/bransjenett\/personvernerklaering\/"]}]},{"@type":"BreadcrumbList","@id":"https:\/\/visitbodo.com\/bransjenett\/personvernerklaering\/#breadcrumb","itemListElement":[{"@type":"ListItem","position":1,"name":"Home","item":"https:\/\/visitbodo.com\/bransjenett\/"},{"@type":"ListItem","position":2,"name":"Personvernerkl\u00e6ring"}]},{"@type":"WebSite","@id":"https:\/\/visitbodo.com\/bransjenett\/#website","url":"https:\/\/visitbodo.com\/bransjenett\/","name":"Bransjenett","description":"Visit Bod\u00f8 Bransjenett - for reiselivsn\u00e6ringen i Bod\u00f8 &amp; Salten","publisher":{"@id":"https:\/\/visitbodo.com\/bransjenett\/#organization"},"potentialAction":[{"@type":"SearchAction","target":{"@type":"EntryPoint","urlTemplate":"https:\/\/visitbodo.com\/bransjenett\/?s={search_term_string}"},"query-input":"required name=search_term_string"}],"inLanguage":"nb-NO"},{"@type":"Organization","@id":"https:\/\/visitbodo.com\/bransjenett\/#organization","name":"Bransjenett","url":"https:\/\/visitbodo.com\/bransjenett\/","logo":{"@type":"ImageObject","inLanguage":"nb-NO","@id":"https:\/\/visitbodo.com\/bransjenett\/#\/schema\/logo\/image\/","url":"https:\/\/v.imgi.no\/visitbodo-16257-d30ee3fec75d9ae0d56e1a07ec7663ca-330x159\/logo_winter_negative.jpg","contentUrl":"https:\/\/v.imgi.no\/visitbodo-16257-d30ee3fec75d9ae0d56e1a07ec7663ca-330x159\/logo_winter_negative.jpg","caption":"Bransjenett"},"image":{"@id":"https:\/\/visitbodo.com\/bransjenett\/#\/schema\/logo\/image\/"}}]}},"_links":{"self":[{"href":"https:\/\/visitbodo.com\/bransjenett\/wp-json\/wp\/v2\/pages\/3398","targetHints":{"allow":["GET"]}}],"collection":[{"href":"https:\/\/visitbodo.com\/bransjenett\/wp-json\/wp\/v2\/pages"}],"about":[{"href":"https:\/\/visitbodo.com\/bransjenett\/wp-json\/wp\/v2\/types\/page"}],"author":[{"embeddable":true,"href":"https:\/\/visitbodo.com\/bransjenett\/wp-json\/wp\/v2\/users\/11"}],"replies":[{"embeddable":true,"href":"https:\/\/visitbodo.com\/bransjenett\/wp-json\/wp\/v2\/comments?post=3398"}],"version-history":[{"count":8,"href":"https:\/\/visitbodo.com\/bransjenett\/wp-json\/wp\/v2\/pages\/3398\/revisions"}],"predecessor-version":[{"id":11743,"href":"https:\/\/visitbodo.com\/bransjenett\/wp-json\/wp\/v2\/pages\/3398\/revisions\/11743"}],"wp:attachment":[{"href":"https:\/\/visitbodo.com\/bransjenett\/wp-json\/wp\/v2\/media?parent=3398"}],"wp:term":[{"taxonomy":"cbis_category","embeddable":true,"href":"https:\/\/visitbodo.com\/bransjenett\/wp-json\/wp\/v2\/cbis_category?post=3398"},{"taxonomy":"cbis_attribute","embeddable":true,"href":"https:\/\/visitbodo.com\/bransjenett\/wp-json\/wp\/v2\/cbis_attribute?post=3398"},{"taxonomy":"destination_cat","embeddable":true,"href":"https:\/\/visitbodo.com\/bransjenett\/wp-json\/wp\/v2\/destination_cat?post=3398"},{"taxonomy":"season_cat","embeddable":true,"href":"https:\/\/visitbodo.com\/bransjenett\/wp-json\/wp\/v2\/season_cat?post=3398"},{"taxonomy":"topic_cat","embeddable":true,"href":"https:\/\/visitbodo.com\/bransjenett\/wp-json\/wp\/v2\/topic_cat?post=3398"},{"taxonomy":"target-audience","embeddable":true,"href":"https:\/\/visitbodo.com\/bransjenett\/wp-json\/wp\/v2\/target-audience?post=3398"}],"curies":[{"name":"wp","href":"https:\/\/api.w.org\/{rel}","templated":true}]}}