{"id":2,"date":"2021-11-03T15:39:32","date_gmt":"2021-11-03T15:39:32","guid":{"rendered":"http:\/\/visitbodo.local\/?page_id=2"},"modified":"2026-02-02T12:22:33","modified_gmt":"2026-02-02T12:22:33","slug":"visit-bodo-bransj","status":"publish","type":"page","link":"https:\/\/visitbodo.com\/bransjenett\/","title":{"rendered":"Visit Bod\u00f8 Bransjenett"},"content":{"rendered":"\n\t<div style=\"--t2-hero-dim:0.3;\" class=\"t2-hero t2-hero-content-position-center-center t2-hero-has-dim-30 t2-hero-has-fullsize-image alignfull wp-block-t2-hero\">\n\t\t<img loading=\"lazy\" decoding=\"async\" width=\"1920\" height=\"1280\" src=\"https:\/\/v.imgi.no\/visitbodo-11785-2229cfd47b323cceea4153c7fc24005b-1920x1280\/bodo2_dan-mariner.jpg\" class=\"t2-hero__image\" alt=\"\" style=\"object-position: 48% 59%;\" srcset=\"https:\/\/v.imgi.no\/visitbodo-11785-2229cfd47b323cceea4153c7fc24005b-150x100\/bodo2_dan-mariner.jpg 150w, https:\/\/v.imgi.no\/visitbodo-11785-2229cfd47b323cceea4153c7fc24005b-300x200\/bodo2_dan-mariner.jpg 300w, https:\/\/v.imgi.no\/visitbodo-11785-2229cfd47b323cceea4153c7fc24005b-768x512\/bodo2_dan-mariner.jpg 768w, https:\/\/v.imgi.no\/visitbodo-11785-2229cfd47b323cceea4153c7fc24005b-1024x683\/bodo2_dan-mariner.jpg 1024w, https:\/\/v.imgi.no\/visitbodo-11785-2229cfd47b323cceea4153c7fc24005b-1536x1024\/bodo2_dan-mariner.jpg 1536w, https:\/\/v.imgi.no\/visitbodo-11785-2229cfd47b323cceea4153c7fc24005b-2048x1366\/bodo2_dan-mariner.jpg 2048w, https:\/\/v.imgi.no\/visitbodo-11785-2229cfd47b323cceea4153c7fc24005b-1176x784\/bodo2_dan-mariner.jpg 1176w, https:\/\/v.imgi.no\/visitbodo-11785-2229cfd47b323cceea4153c7fc24005b-1920x1280\/bodo2_dan-mariner.jpg 1920w\" sizes=\"auto, (max-width: 2048px) 100vw, 2048px\" \/><span class=\"t2-image-credit\">\n\t\t\t\t<button type=\"button\" class=\"t2-image-credit-toggle\" aria-expanded=\"false\" aria-controls=\"image-credit\" aria-label=\"Toggle image credit\"><svg xmlns=\"http:\/\/www.w3.org\/2000\/svg\" viewBox=\"0 0 24 24\" height=\"24\" width=\"24\" class=\"t2-icon t2-icon-info\" aria-hidden=\"true\" focusable=\"false\"><path d=\"M12 17c.3 0 .5-.1.7-.3s.3-.4.3-.7v-4c0-.3-.1-.5-.3-.7-.2-.2-.4-.3-.7-.3s-.5.1-.7.3c-.2.2-.3.4-.3.7v4c0 .3.1.5.3.7s.4.3.7.3zm0-8c.3 0 .5-.1.7-.3.2-.2.3-.4.3-.7 0-.3-.1-.5-.3-.7-.2-.2-.4-.3-.7-.3s-.5.1-.7.3c-.2.2-.3.4-.3.7 0 .3.1.5.3.7.2.2.4.3.7.3zm0 13c-1.4 0-2.7-.3-3.9-.8-1.2-.5-2.3-1.2-3.2-2.1s-1.6-2-2.1-3.2S2 13.4 2 12s.3-2.7.8-3.9S4 5.8 4.9 4.9s2-1.6 3.2-2.1S10.6 2 12 2s2.7.3 3.9.8 2.3 1.2 3.2 2.1 1.6 2 2.1 3.2c.5 1.2.8 2.5.8 3.9s-.3 2.7-.8 3.9c-.5 1.2-1.2 2.3-2.1 3.2s-2 1.6-3.2 2.1c-1.2.5-2.5.8-3.9.8z\" fill=\"currentColor\" \/><\/svg><\/button>\n\t\t\t\t<span class=\"t2-image-credit-text wp-element-caption\" id=\"image-credit\" hidden>Dan Mariner<\/span>\n\t\t\t<\/span>\n\t\t<div class=\"t2-hero__header\"><div class=\"t2-hero__header__content\">\n<h1 class=\"has-text-align-center alignwide wp-block-post-title\">Visit Bod\u00f8 Bransjenett<\/h1>\n\n\n<div class=\"wp-block-buttons is-content-justification-center is-layout-flex wp-container-core-buttons-is-layout-16018d1d wp-block-buttons-is-layout-flex\">\n<div class=\"wp-block-button is-style-fill\"><a class=\"wp-block-button__link wp-element-button\" href=\"https:\/\/visitbodo.com\/bransjenett\/bli-partner\/\">Bli partner<\/a><\/div>\n<\/div>\n\n<\/div><\/div>\n\t<\/div>\n\n\n<h1 class=\"wp-block-heading alignwide has-text-align-center has-primary-pink-color has-text-color\" id=\"h-siden-for-deg-som-jobber-i-eller-med-reiselivet-i-bodo-amp-salten\"><strong>Siden for deg som jobber i eller med reiselivet i Bod\u00f8 &amp; Salten<\/strong><\/h1>\n\n\n<p class=\"t2-ingress has-text-align-center alignwide wp-block-t2-ingress\">Visit Bod\u00f8 sitt bransjenett er samlingsstedet for deg som jobber i eller med reiselivet i Bod\u00f8 og Salten. Her finner du nyheter, statistikk, faglig p\u00e5fyll og informasjon om prosjekter og aktiviteter vi jobber med \u2013 alt samlet p\u00e5 ett sted.<\/p>\n\n\n<h2 class=\"wp-block-heading has-primary-pink-color has-text-color\" id=\"h-snarveier\">Snarveier<\/h2>\n\n\n\n<p class=\"wp-block-paragraph has-text-align-center\">Leter du etter dette?<\/p>\n\n\n\n<div class=\"wp-block-buttons alignwide is-content-justification-center is-layout-flex wp-container-core-buttons-is-layout-16018d1d wp-block-buttons-is-layout-flex\">\n<div class=\"wp-block-button\"><a class=\"wp-block-button__link wp-element-button\" href=\"https:\/\/visitbodo.com\/bransjenett\/presseresultater\/\">Presseresultater<\/a><\/div>\n\n\n\n<div class=\"wp-block-button\"><a class=\"wp-block-button__link wp-element-button\" href=\"https:\/\/visitbodo.com\/reisemal\/saltstraumen\/#h-nar-er-strommen-pa-sitt-sterkeste\" target=\"_blank\" rel=\"noreferrer noopener\">Saltstraumenkalenderen<\/a><\/div>\n\n\n\n<div class=\"wp-block-button\"><a class=\"wp-block-button__link wp-element-button\" href=\"http:\/\/visitbodo.imageshop.no\" target=\"_blank\" rel=\"noreferrer noopener\">Mediebank<\/a><\/div>\n\n\n\n<div class=\"wp-block-button\"><a class=\"wp-block-button__link wp-element-button\" href=\"https:\/\/visitbodo.com\/bransjenett\/verktoy\/\">Verkt\u00f8y og materiell<\/a><\/div>\n<\/div>\n\n\n\n<div class=\"wp-block-cover alignfull has-parallax is-style-alternative-decoration\" style=\"min-height:633px;aspect-ratio:unset;\"><div role=\"img\" aria-label=\"Vinterlys i Bod\u00f8\" class=\"wp-block-cover__image-background wp-image-15533 size-full has-parallax\" style=\"background-position:50% 50%;background-image:url(https:\/\/v.imgi.no\/visitbodo-15533-b28e301253289d0294ddba6a5e19f11f-6000x4000\/vinterlys-bodo_zdeno-dvorak.jpg)\"><\/div><span aria-hidden=\"true\" class=\"wp-block-cover__background has-background-dark-background-color has-background-dim-40 has-background-dim\"><\/span><div class=\"wp-block-cover__inner-container is-layout-flow wp-block-cover-is-layout-flow\">\n<p class=\"wp-block-paragraph has-neutrals-white-color has-text-color has-large-font-size\">Ny felles bookingportal for Bod\u00f8 &amp; Salten<\/p>\n\n\n\n<h1 class=\"wp-block-heading has-text-align-left has-neutrals-white-color has-text-color\" id=\"h-visit-bodo-x-goto-hub\">Visit Bod\u00f8 x GoTo HUB<\/h1>\n\n\n\n<h5 class=\"wp-block-heading has-text-align-left has-neutrals-white-color has-text-color\" id=\"h-visit-bodo-lanserer-ny-felles-bookingportal-for-reiselivet-i-bodo-amp-salten-systemet-heter-goto-hub-og-her-samles-alt-av-opplevelser-og-overnatting-pa-ett-sted\" style=\"font-style:normal;font-weight:400\">Visit Bod\u00f8 lanserer ny felles bookingportal for reiselivet i Bod\u00f8 &amp; Salten. Systemet heter GoTo HUB, og her samles alt av opplevelser og overnatting p\u00e5 ett sted.<\/h5>\n\n\n\n<div class=\"wp-block-buttons alignwide is-content-justification-left is-layout-flex wp-container-core-buttons-is-layout-fdcfc74e wp-block-buttons-is-layout-flex\">\n<div class=\"wp-block-button\"><a class=\"wp-block-button__link has-text-align-left wp-element-button\" href=\"https:\/\/visitbodo.com\/bransjenett\/ny-felles-bookingportal-for-reiselivet-i-bodo-salten\/\">Les mer<\/a><\/div>\n<\/div>\n<\/div><span class=\"t2-image-credit\">\n\t\t\t\t<button type=\"button\" class=\"t2-image-credit-toggle\" aria-expanded=\"false\" aria-controls=\"image-credit-1\" aria-label=\"Toggle image credit\"><svg xmlns=\"http:\/\/www.w3.org\/2000\/svg\" viewBox=\"0 0 24 24\" height=\"24\" width=\"24\" class=\"t2-icon t2-icon-info\" aria-hidden=\"true\" focusable=\"false\"><path d=\"M12 17c.3 0 .5-.1.7-.3s.3-.4.3-.7v-4c0-.3-.1-.5-.3-.7-.2-.2-.4-.3-.7-.3s-.5.1-.7.3c-.2.2-.3.4-.3.7v4c0 .3.1.5.3.7s.4.3.7.3zm0-8c.3 0 .5-.1.7-.3.2-.2.3-.4.3-.7 0-.3-.1-.5-.3-.7-.2-.2-.4-.3-.7-.3s-.5.1-.7.3c-.2.2-.3.4-.3.7 0 .3.1.5.3.7.2.2.4.3.7.3zm0 13c-1.4 0-2.7-.3-3.9-.8-1.2-.5-2.3-1.2-3.2-2.1s-1.6-2-2.1-3.2S2 13.4 2 12s.3-2.7.8-3.9S4 5.8 4.9 4.9s2-1.6 3.2-2.1S10.6 2 12 2s2.7.3 3.9.8 2.3 1.2 3.2 2.1 1.6 2 2.1 3.2c.5 1.2.8 2.5.8 3.9s-.3 2.7-.8 3.9c-.5 1.2-1.2 2.3-2.1 3.2s-2 1.6-3.2 2.1c-1.2.5-2.5.8-3.9.8z\" fill=\"currentColor\" \/><\/svg><\/button>\n\t\t\t\t<span class=\"t2-image-credit-text wp-element-caption\" id=\"image-credit-1\" hidden>Zdeno Dvorak<\/span>\n\t\t\t<\/span><\/div>\n\n\n\n<h1 class=\"wp-block-heading alignwide has-text-align-center has-primary-pink-color has-text-color\" id=\"h-nettverk-for-reiselivet\"><strong>Nettverk for reiselivet<\/strong><\/h1>\n\n\n\n<div class=\"wp-block-media-text alignwide is-stacked-on-mobile\"><figure class=\"wp-block-media-text__media\"><img decoding=\"async\" srcset=\"https:\/\/v.imgi.no\/visitbodo-15515-d89550ed2d3ed0baf1ce4f1f5ac80407-150x100\/steigen-4.jpg 150w, https:\/\/v.imgi.no\/visitbodo-15515-d89550ed2d3ed0baf1ce4f1f5ac80407-300x200\/steigen-4.jpg 300w, https:\/\/v.imgi.no\/visitbodo-15515-d89550ed2d3ed0baf1ce4f1f5ac80407-768x512\/steigen-4.jpg 768w, https:\/\/v.imgi.no\/visitbodo-15515-d89550ed2d3ed0baf1ce4f1f5ac80407-1024x683\/steigen-4.jpg 1024w, https:\/\/v.imgi.no\/visitbodo-15515-d89550ed2d3ed0baf1ce4f1f5ac80407-1536x1024\/steigen-4.jpg 1536w, https:\/\/v.imgi.no\/visitbodo-15515-d89550ed2d3ed0baf1ce4f1f5ac80407-2048x1365\/steigen-4.jpg 2048w, https:\/\/v.imgi.no\/visitbodo-15515-d89550ed2d3ed0baf1ce4f1f5ac80407-1176x784\/steigen-4.jpg 1176w, https:\/\/v.imgi.no\/visitbodo-15515-d89550ed2d3ed0baf1ce4f1f5ac80407-1920x1280\/steigen-4.jpg 1920w\" sizes=\"(max-width: 2048px) 100vw, 2048px\" src=\"https:\/\/v.imgi.no\/visitbodo-15515-d89550ed2d3ed0baf1ce4f1f5ac80407-6000x4000\/steigen-4.jpg\" alt=\"B\u00f8sanden i Steigen\" class=\"imageshop-document-id-7153714 wp-image-15515 size-full\"\/><span class=\"t2-image-credit\">\n\t\t\t\t<button type=\"button\" class=\"t2-image-credit-toggle\" aria-expanded=\"false\" aria-controls=\"image-credit-2\" aria-label=\"Toggle image credit\"><svg xmlns=\"http:\/\/www.w3.org\/2000\/svg\" viewBox=\"0 0 24 24\" height=\"24\" width=\"24\" class=\"t2-icon t2-icon-info\" aria-hidden=\"true\" focusable=\"false\"><path d=\"M12 17c.3 0 .5-.1.7-.3s.3-.4.3-.7v-4c0-.3-.1-.5-.3-.7-.2-.2-.4-.3-.7-.3s-.5.1-.7.3c-.2.2-.3.4-.3.7v4c0 .3.1.5.3.7s.4.3.7.3zm0-8c.3 0 .5-.1.7-.3.2-.2.3-.4.3-.7 0-.3-.1-.5-.3-.7-.2-.2-.4-.3-.7-.3s-.5.1-.7.3c-.2.2-.3.4-.3.7 0 .3.1.5.3.7.2.2.4.3.7.3zm0 13c-1.4 0-2.7-.3-3.9-.8-1.2-.5-2.3-1.2-3.2-2.1s-1.6-2-2.1-3.2S2 13.4 2 12s.3-2.7.8-3.9S4 5.8 4.9 4.9s2-1.6 3.2-2.1S10.6 2 12 2s2.7.3 3.9.8 2.3 1.2 3.2 2.1 1.6 2 2.1 3.2c.5 1.2.8 2.5.8 3.9s-.3 2.7-.8 3.9c-.5 1.2-1.2 2.3-2.1 3.2s-2 1.6-3.2 2.1c-1.2.5-2.5.8-3.9.8z\" fill=\"currentColor\" \/><\/svg><\/button>\n\t\t\t\t<span class=\"t2-image-credit-text wp-element-caption\" id=\"image-credit-2\" hidden>Zdeno Dvorak<\/span>\n\t\t\t<\/span><\/figure><div class=\"wp-block-media-text__content\">\n<h2 class=\"wp-block-heading\" id=\"h-visit-bodo-reiselivsforum\">Visit Bod\u00f8 Reiselivsforum<\/h2>\n\n\n\n<p class=\"wp-block-paragraph\">Velkommen til Visit Bod\u00f8s Reiselivsforum!<\/p>\n\n\n\n<p class=\"wp-block-paragraph\">Siden for deg som vil holde deg oppdatert p\u00e5 spennende nyheter og innsikt om reiselivsn\u00e6ringen i Bod\u00f8 og Salten.<\/p>\n\n\n\n<div class=\"wp-block-buttons is-layout-flex wp-block-buttons-is-layout-flex\">\n<div class=\"wp-block-button\"><a class=\"wp-block-button__link wp-element-button\" href=\"https:\/\/www.facebook.com\/profile.php?id=61559210825273\" target=\"_blank\" rel=\"noreferrer noopener\">Reiselivsforum Facebook<\/a><\/div>\n\n\n\n<div class=\"wp-block-button\"><a class=\"wp-block-button__link wp-element-button\" href=\"https:\/\/www.linkedin.com\/company\/7213688\" target=\"_blank\" rel=\"noreferrer noopener\">Reiselivsforum LinkedIn<\/a><\/div>\n<\/div>\n<\/div><\/div>\n\n\n\n<div class=\"wp-block-media-text alignwide has-media-on-the-right is-stacked-on-mobile\"><div class=\"wp-block-media-text__content\">\n<h2 class=\"wp-block-heading\" id=\"h-visit-bodo-partnergruppe\">Visit Bod\u00f8 Partnergruppe<\/h2>\n\n\n\n<p class=\"wp-block-paragraph\">Bli med i Visit Bod\u00f8s Facebookgruppe for partnere. Her deler vi nyheter og oppdateringer fortl\u00f8pende.<\/p>\n\n\n\n<div class=\"wp-block-buttons is-layout-flex wp-block-buttons-is-layout-flex\">\n<div class=\"wp-block-button\"><a class=\"wp-block-button__link wp-element-button\" href=\"https:\/\/www.facebook.com\/groups\/153487698145581\/\" target=\"_blank\" rel=\"noreferrer noopener\">G\u00e5 til Facebookgruppe<\/a><\/div>\n<\/div>\n<\/div><figure class=\"wp-block-media-text__media\"><img decoding=\"async\" srcset=\"https:\/\/v.imgi.no\/visitbodo-7340-f77ca3ec9df76f4c5781ba78b877e407-150x100\/2023_01_sjunkhatten-nasjonalpark-zdeno-dvorak-kopi-scaled.jpg 150w, https:\/\/v.imgi.no\/visitbodo-7340-f77ca3ec9df76f4c5781ba78b877e407-300x200\/2023_01_sjunkhatten-nasjonalpark-zdeno-dvorak-kopi-scaled.jpg 300w, https:\/\/v.imgi.no\/visitbodo-7340-f77ca3ec9df76f4c5781ba78b877e407-768x512\/2023_01_sjunkhatten-nasjonalpark-zdeno-dvorak-kopi-scaled.jpg 768w, https:\/\/v.imgi.no\/visitbodo-7340-f77ca3ec9df76f4c5781ba78b877e407-1024x683\/2023_01_sjunkhatten-nasjonalpark-zdeno-dvorak-kopi-scaled.jpg 1024w, https:\/\/v.imgi.no\/visitbodo-7340-f77ca3ec9df76f4c5781ba78b877e407-1536x1024\/2023_01_sjunkhatten-nasjonalpark-zdeno-dvorak-kopi-scaled.jpg 1536w, https:\/\/v.imgi.no\/visitbodo-7340-f77ca3ec9df76f4c5781ba78b877e407-2048x1366\/2023_01_sjunkhatten-nasjonalpark-zdeno-dvorak-kopi-scaled.jpg 2048w, https:\/\/v.imgi.no\/visitbodo-7340-f77ca3ec9df76f4c5781ba78b877e407-1176x784\/2023_01_sjunkhatten-nasjonalpark-zdeno-dvorak-kopi-scaled.jpg 1176w, https:\/\/v.imgi.no\/visitbodo-7340-f77ca3ec9df76f4c5781ba78b877e407-1920x1280\/2023_01_sjunkhatten-nasjonalpark-zdeno-dvorak-kopi-scaled.jpg 1920w\" sizes=\"(max-width: 2048px) 100vw, 2048px\" src=\"https:\/\/v.imgi.no\/visitbodo-7340-f77ca3ec9df76f4c5781ba78b877e407-2560x1707\/Sjunkhatten-nasjonalpark.-Zdeno-Dvorak-kopi-scaled.jpg\" alt=\"\" class=\"imageshop-document-id-4615477 wp-image-7340 size-full\"\/><\/figure><\/div>\n\n\n\n<p class=\"wp-block-paragraph\"><\/p>\n","protected":false},"excerpt":{"rendered":"<p>Siden for deg som jobber i eller med reiselivet i Bod\u00f8 &amp; Salten Snarveier Leter du etter dette? Nettverk for reiselivet<\/p>\n","protected":false},"author":10,"featured_media":11785,"parent":0,"menu_order":0,"comment_status":"closed","ping_status":"open","template":"","meta":{"_trash_the_other_posts":false,"t2_hide_was_this_helpful":true,"vlb_sustainable_destination_logo":false,"vlb_green_travel_logo":false,"vlb_location_geodata_lat":0,"vlb_location_geodata_lng":0,"editor_notices":[],"footnotes":""},"cbis_category":[],"cbis_attribute":[],"destination_cat":[],"season_cat":[],"topic_cat":[],"target-audience":[],"class_list":["post-2","page","type-page","status-publish","has-post-thumbnail","hentry"],"yoast_head":"<!-- This site is optimized with the Yoast SEO Premium plugin v21.9 (Yoast SEO v21.9.1) - https:\/\/yoast.com\/wordpress\/plugins\/seo\/ -->\n<title>Visit Bod\u00f8 Bransjenett - Bransjenett<\/title>\n<meta name=\"description\" content=\"Samlingsstedet for deg som jobber i eller med reiselivet i Bod\u00f8 og Salten. Her finner du nyheter, statistikk, faglig p\u00e5fyll og informasjon om prosjekter og aktiviteter vi jobber med \u2013 alt samlet p\u00e5 ett sted.\" \/>\n<meta name=\"robots\" content=\"index, follow, max-snippet:-1, max-image-preview:large, max-video-preview:-1\" \/>\n<link rel=\"canonical\" href=\"https:\/\/visitbodo.com\/bransjenett\/\" \/>\n<meta property=\"og:locale\" content=\"nb_NO\" \/>\n<meta property=\"og:type\" content=\"article\" \/>\n<meta property=\"og:title\" content=\"Visit Bod\u00f8 Bransjenett\" \/>\n<meta property=\"og:description\" content=\"Samlingsstedet for deg som jobber i eller med reiselivet i Bod\u00f8 og Salten. Her finner du nyheter, statistikk, faglig p\u00e5fyll og informasjon om prosjekter og aktiviteter vi jobber med \u2013 alt samlet p\u00e5 ett sted.\" \/>\n<meta property=\"og:url\" content=\"https:\/\/visitbodo.com\/bransjenett\/\" \/>\n<meta property=\"og:site_name\" content=\"Bransjenett\" \/>\n<meta property=\"article:modified_time\" content=\"2026-02-02T12:22:33+00:00\" \/>\n<meta property=\"og:image\" content=\"https:\/\/v.imgi.no\/visitbodo-11785-2229cfd47b323cceea4153c7fc24005b-1176x784\/bodo2_dan-mariner.jpg\" \/>\n<meta name=\"twitter:card\" content=\"summary_large_image\" \/>\n<meta name=\"twitter:label1\" content=\"Ansl. lesetid\" \/>\n\t<meta name=\"twitter:data1\" content=\"2 minutter\" \/>\n<script type=\"application\/ld+json\" class=\"yoast-schema-graph\">{\"@context\":\"https:\/\/schema.org\",\"@graph\":[{\"@type\":\"WebPage\",\"@id\":\"https:\/\/visitbodo.com\/bransjenett\/\",\"url\":\"https:\/\/visitbodo.com\/bransjenett\/\",\"name\":\"Visit Bod\u00f8 Bransjenett - Bransjenett\",\"isPartOf\":{\"@id\":\"https:\/\/visitbodo.com\/bransjenett\/#website\"},\"datePublished\":\"2021-11-03T15:39:32+00:00\",\"dateModified\":\"2026-02-02T12:22:33+00:00\",\"description\":\"Samlingsstedet for deg som jobber i eller med reiselivet i Bod\u00f8 og Salten. Her finner du nyheter, statistikk, faglig p\u00e5fyll og informasjon om prosjekter og aktiviteter vi jobber med \u2013 alt samlet p\u00e5 ett sted.\",\"breadcrumb\":{\"@id\":\"https:\/\/visitbodo.com\/bransjenett\/#breadcrumb\"},\"inLanguage\":\"nb-NO\",\"potentialAction\":[{\"@type\":\"ReadAction\",\"target\":[\"https:\/\/visitbodo.com\/bransjenett\/\"]}]},{\"@type\":\"BreadcrumbList\",\"@id\":\"https:\/\/visitbodo.com\/bransjenett\/#breadcrumb\",\"itemListElement\":[{\"@type\":\"ListItem\",\"position\":1,\"name\":\"Home\",\"item\":\"https:\/\/visitbodo.com\/bransjenett\/\"},{\"@type\":\"ListItem\",\"position\":2,\"name\":\"Visit Bod\u00f8 Bransjenett\"}]},{\"@type\":\"WebSite\",\"@id\":\"https:\/\/visitbodo.com\/bransjenett\/#website\",\"url\":\"https:\/\/visitbodo.com\/bransjenett\/\",\"name\":\"Bransjenett\",\"description\":\"Visit Bod\u00f8 Bransjenett - for reiselivsn\u00e6ringen i Bod\u00f8 &amp; Salten\",\"publisher\":{\"@id\":\"https:\/\/visitbodo.com\/bransjenett\/#organization\"},\"potentialAction\":[{\"@type\":\"SearchAction\",\"target\":{\"@type\":\"EntryPoint\",\"urlTemplate\":\"https:\/\/visitbodo.com\/bransjenett\/?s={search_term_string}\"},\"query-input\":\"required name=search_term_string\"}],\"inLanguage\":\"nb-NO\"},{\"@type\":\"Organization\",\"@id\":\"https:\/\/visitbodo.com\/bransjenett\/#organization\",\"name\":\"Bransjenett\",\"url\":\"https:\/\/visitbodo.com\/bransjenett\/\",\"logo\":{\"@type\":\"ImageObject\",\"inLanguage\":\"nb-NO\",\"@id\":\"https:\/\/visitbodo.com\/bransjenett\/#\/schema\/logo\/image\/\",\"url\":\"https:\/\/v.imgi.no\/visitbodo-16257-d30ee3fec75d9ae0d56e1a07ec7663ca-330x159\/logo_winter_negative.jpg\",\"contentUrl\":\"https:\/\/v.imgi.no\/visitbodo-16257-d30ee3fec75d9ae0d56e1a07ec7663ca-330x159\/logo_winter_negative.jpg\",\"caption\":\"Bransjenett\"},\"image\":{\"@id\":\"https:\/\/visitbodo.com\/bransjenett\/#\/schema\/logo\/image\/\"}}]}<\/script>\n<!-- \/ Yoast SEO Premium plugin. -->","yoast_head_json":{"title":"Visit Bod\u00f8 Bransjenett - Bransjenett","description":"Samlingsstedet for deg som jobber i eller med reiselivet i Bod\u00f8 og Salten. Her finner du nyheter, statistikk, faglig p\u00e5fyll og informasjon om prosjekter og aktiviteter vi jobber med \u2013 alt samlet p\u00e5 ett sted.","robots":{"index":"index","follow":"follow","max-snippet":"max-snippet:-1","max-image-preview":"max-image-preview:large","max-video-preview":"max-video-preview:-1"},"canonical":"https:\/\/visitbodo.com\/bransjenett\/","og_locale":"nb_NO","og_type":"article","og_title":"Visit Bod\u00f8 Bransjenett","og_description":"Samlingsstedet for deg som jobber i eller med reiselivet i Bod\u00f8 og Salten. Her finner du nyheter, statistikk, faglig p\u00e5fyll og informasjon om prosjekter og aktiviteter vi jobber med \u2013 alt samlet p\u00e5 ett sted.","og_url":"https:\/\/visitbodo.com\/bransjenett\/","og_site_name":"Bransjenett","article_modified_time":"2026-02-02T12:22:33+00:00","og_image":[{"url":"https:\/\/v.imgi.no\/visitbodo-11785-2229cfd47b323cceea4153c7fc24005b-1176x784\/bodo2_dan-mariner.jpg"}],"twitter_card":"summary_large_image","twitter_misc":{"Ansl. lesetid":"2 minutter"},"schema":{"@context":"https:\/\/schema.org","@graph":[{"@type":"WebPage","@id":"https:\/\/visitbodo.com\/bransjenett\/","url":"https:\/\/visitbodo.com\/bransjenett\/","name":"Visit Bod\u00f8 Bransjenett - Bransjenett","isPartOf":{"@id":"https:\/\/visitbodo.com\/bransjenett\/#website"},"datePublished":"2021-11-03T15:39:32+00:00","dateModified":"2026-02-02T12:22:33+00:00","description":"Samlingsstedet for deg som jobber i eller med reiselivet i Bod\u00f8 og Salten. Her finner du nyheter, statistikk, faglig p\u00e5fyll og informasjon om prosjekter og aktiviteter vi jobber med \u2013 alt samlet p\u00e5 ett sted.","breadcrumb":{"@id":"https:\/\/visitbodo.com\/bransjenett\/#breadcrumb"},"inLanguage":"nb-NO","potentialAction":[{"@type":"ReadAction","target":["https:\/\/visitbodo.com\/bransjenett\/"]}]},{"@type":"BreadcrumbList","@id":"https:\/\/visitbodo.com\/bransjenett\/#breadcrumb","itemListElement":[{"@type":"ListItem","position":1,"name":"Home","item":"https:\/\/visitbodo.com\/bransjenett\/"},{"@type":"ListItem","position":2,"name":"Visit Bod\u00f8 Bransjenett"}]},{"@type":"WebSite","@id":"https:\/\/visitbodo.com\/bransjenett\/#website","url":"https:\/\/visitbodo.com\/bransjenett\/","name":"Bransjenett","description":"Visit Bod\u00f8 Bransjenett - for reiselivsn\u00e6ringen i Bod\u00f8 &amp; Salten","publisher":{"@id":"https:\/\/visitbodo.com\/bransjenett\/#organization"},"potentialAction":[{"@type":"SearchAction","target":{"@type":"EntryPoint","urlTemplate":"https:\/\/visitbodo.com\/bransjenett\/?s={search_term_string}"},"query-input":"required name=search_term_string"}],"inLanguage":"nb-NO"},{"@type":"Organization","@id":"https:\/\/visitbodo.com\/bransjenett\/#organization","name":"Bransjenett","url":"https:\/\/visitbodo.com\/bransjenett\/","logo":{"@type":"ImageObject","inLanguage":"nb-NO","@id":"https:\/\/visitbodo.com\/bransjenett\/#\/schema\/logo\/image\/","url":"https:\/\/v.imgi.no\/visitbodo-16257-d30ee3fec75d9ae0d56e1a07ec7663ca-330x159\/logo_winter_negative.jpg","contentUrl":"https:\/\/v.imgi.no\/visitbodo-16257-d30ee3fec75d9ae0d56e1a07ec7663ca-330x159\/logo_winter_negative.jpg","caption":"Bransjenett"},"image":{"@id":"https:\/\/visitbodo.com\/bransjenett\/#\/schema\/logo\/image\/"}}]}},"_links":{"self":[{"href":"https:\/\/visitbodo.com\/bransjenett\/wp-json\/wp\/v2\/pages\/2","targetHints":{"allow":["GET"]}}],"collection":[{"href":"https:\/\/visitbodo.com\/bransjenett\/wp-json\/wp\/v2\/pages"}],"about":[{"href":"https:\/\/visitbodo.com\/bransjenett\/wp-json\/wp\/v2\/types\/page"}],"author":[{"embeddable":true,"href":"https:\/\/visitbodo.com\/bransjenett\/wp-json\/wp\/v2\/users\/10"}],"replies":[{"embeddable":true,"href":"https:\/\/visitbodo.com\/bransjenett\/wp-json\/wp\/v2\/comments?post=2"}],"version-history":[{"count":169,"href":"https:\/\/visitbodo.com\/bransjenett\/wp-json\/wp\/v2\/pages\/2\/revisions"}],"predecessor-version":[{"id":17696,"href":"https:\/\/visitbodo.com\/bransjenett\/wp-json\/wp\/v2\/pages\/2\/revisions\/17696"}],"wp:featuredmedia":[{"embeddable":true,"href":"https:\/\/visitbodo.com\/bransjenett\/wp-json\/wp\/v2\/media\/11785"}],"wp:attachment":[{"href":"https:\/\/visitbodo.com\/bransjenett\/wp-json\/wp\/v2\/media?parent=2"}],"wp:term":[{"taxonomy":"cbis_category","embeddable":true,"href":"https:\/\/visitbodo.com\/bransjenett\/wp-json\/wp\/v2\/cbis_category?post=2"},{"taxonomy":"cbis_attribute","embeddable":true,"href":"https:\/\/visitbodo.com\/bransjenett\/wp-json\/wp\/v2\/cbis_attribute?post=2"},{"taxonomy":"destination_cat","embeddable":true,"href":"https:\/\/visitbodo.com\/bransjenett\/wp-json\/wp\/v2\/destination_cat?post=2"},{"taxonomy":"season_cat","embeddable":true,"href":"https:\/\/visitbodo.com\/bransjenett\/wp-json\/wp\/v2\/season_cat?post=2"},{"taxonomy":"topic_cat","embeddable":true,"href":"https:\/\/visitbodo.com\/bransjenett\/wp-json\/wp\/v2\/topic_cat?post=2"},{"taxonomy":"target-audience","embeddable":true,"href":"https:\/\/visitbodo.com\/bransjenett\/wp-json\/wp\/v2\/target-audience?post=2"}],"curies":[{"name":"wp","href":"https:\/\/api.w.org\/{rel}","templated":true}]}}