{"id":16857,"date":"2025-10-27T10:44:28","date_gmt":"2025-10-27T10:44:28","guid":{"rendered":"https:\/\/visitbodo.com\/bransjenett\/?page_id=16857"},"modified":"2025-10-27T12:20:12","modified_gmt":"2025-10-27T12:20:12","slug":"verktoy","status":"publish","type":"page","link":"https:\/\/visitbodo.com\/bransjenett\/verktoy\/","title":{"rendered":"Verkt\u00f8y"},"content":{"rendered":"\n\t<div style=\"--t2-hero-dim:0.5;\" class=\"t2-hero t2-hero-content-position-center-center t2-hero-has-dim-50 t2-hero-has-fullsize-image alignfull wp-block-t2-hero\">\n\t\t<img loading=\"lazy\" decoding=\"async\" width=\"1920\" height=\"1280\" src=\"https:\/\/v.imgi.no\/visitbodo-7596-57d40db8327a02fcdec370c7103e1f0b-1920x1280\/2023_01_3a9a9662_-dan-mariner-scaled.jpg\" class=\"t2-hero__image\" alt=\"\" style=\"object-position: 50% 50%;\" srcset=\"https:\/\/v.imgi.no\/visitbodo-7596-57d40db8327a02fcdec370c7103e1f0b-150x100\/2023_01_3a9a9662_-dan-mariner-scaled.jpg 150w, https:\/\/v.imgi.no\/visitbodo-7596-57d40db8327a02fcdec370c7103e1f0b-300x200\/2023_01_3a9a9662_-dan-mariner-scaled.jpg 300w, https:\/\/v.imgi.no\/visitbodo-7596-57d40db8327a02fcdec370c7103e1f0b-768x512\/2023_01_3a9a9662_-dan-mariner-scaled.jpg 768w, https:\/\/v.imgi.no\/visitbodo-7596-57d40db8327a02fcdec370c7103e1f0b-1024x683\/2023_01_3a9a9662_-dan-mariner-scaled.jpg 1024w, https:\/\/v.imgi.no\/visitbodo-7596-57d40db8327a02fcdec370c7103e1f0b-1536x1024\/2023_01_3a9a9662_-dan-mariner-scaled.jpg 1536w, https:\/\/v.imgi.no\/visitbodo-7596-57d40db8327a02fcdec370c7103e1f0b-2048x1366\/2023_01_3a9a9662_-dan-mariner-scaled.jpg 2048w, https:\/\/v.imgi.no\/visitbodo-7596-57d40db8327a02fcdec370c7103e1f0b-1176x784\/2023_01_3a9a9662_-dan-mariner-scaled.jpg 1176w, https:\/\/v.imgi.no\/visitbodo-7596-57d40db8327a02fcdec370c7103e1f0b-1920x1280\/2023_01_3a9a9662_-dan-mariner-scaled.jpg 1920w\" sizes=\"auto, (max-width: 2048px) 100vw, 2048px\" \/>\n\t\t<div class=\"t2-hero__header\"><div class=\"t2-hero__header__content\">\n<h1 class=\"has-text-align-center alignwide wp-block-post-title\">Verkt\u00f8y<\/h1>\n\n\n<p class=\"wp-block-paragraph\">Her finner du verkt\u00f8y og materiell til egen kommunikasjon og markedsf\u00f8ring<\/p>\n\n\n\n<div class=\"wp-block-buttons is-layout-flex wp-block-buttons-is-layout-flex\"><\/div>\n\n<\/div><\/div>\n\t<\/div>\n\n\n<div class=\"wp-block-media-text alignwide is-stacked-on-mobile is-image-fill\"><figure class=\"wp-block-media-text__media\" style=\"background-image:url(https:\/\/v.imgi.no\/visitbodo-16889-f228f07191c4143516c556a7edfc1117-6000x4000\/2025_10_visit-bodo-logo_zdeno-dvorak.jpg);background-position:50% 50%\"><img decoding=\"async\" srcset=\"https:\/\/v.imgi.no\/visitbodo-16889-f228f07191c4143516c556a7edfc1117-150x100\/2025_10_visit-bodo-logo_zdeno-dvorak.jpg 150w, https:\/\/v.imgi.no\/visitbodo-16889-f228f07191c4143516c556a7edfc1117-300x200\/2025_10_visit-bodo-logo_zdeno-dvorak.jpg 300w, https:\/\/v.imgi.no\/visitbodo-16889-f228f07191c4143516c556a7edfc1117-768x512\/2025_10_visit-bodo-logo_zdeno-dvorak.jpg 768w, https:\/\/v.imgi.no\/visitbodo-16889-f228f07191c4143516c556a7edfc1117-1024x683\/2025_10_visit-bodo-logo_zdeno-dvorak.jpg 1024w, https:\/\/v.imgi.no\/visitbodo-16889-f228f07191c4143516c556a7edfc1117-1536x1024\/2025_10_visit-bodo-logo_zdeno-dvorak.jpg 1536w, https:\/\/v.imgi.no\/visitbodo-16889-f228f07191c4143516c556a7edfc1117-2048x1365\/2025_10_visit-bodo-logo_zdeno-dvorak.jpg 2048w, https:\/\/v.imgi.no\/visitbodo-16889-f228f07191c4143516c556a7edfc1117-1176x784\/2025_10_visit-bodo-logo_zdeno-dvorak.jpg 1176w, https:\/\/v.imgi.no\/visitbodo-16889-f228f07191c4143516c556a7edfc1117-1920x1280\/2025_10_visit-bodo-logo_zdeno-dvorak.jpg 1920w\" sizes=\"(max-width: 2048px) 100vw, 2048px\" src=\"https:\/\/v.imgi.no\/visitbodo-16889-f228f07191c4143516c556a7edfc1117-6000x4000\/2025_10_visit-bodo-logo_zdeno-dvorak.jpg\" class=\"imageshop-document-id-7841731 wp-image-16889 size-full\"\/><\/figure><div class=\"wp-block-media-text__content\">\n<h2 class=\"wp-block-heading has-primary-dark-pink-color has-text-color\" id=\"h-logo-visit-bodo\">Logo Visit Bod\u00f8<\/h2>\n\n\n\n<p class=\"wp-block-paragraph\">Her finner du Visit Bod\u00f8s logo og profilfarger. <\/p>\n\n\n\n<p class=\"wp-block-paragraph\">Som medlem kan du bruke logoen p\u00e5 egen hjemmeside dersom \u00f8nskelig.<\/p>\n\n\n\n<div class=\"wp-block-buttons is-layout-flex wp-block-buttons-is-layout-flex\">\n<div class=\"wp-block-button\"><a class=\"wp-block-button__link wp-element-button\" href=\"https:\/\/visitbodo-my.sharepoint.com\/:f:\/p\/julie\/EiEAHNskg8hJmmH8V_uxDI8B8dEcT_Uw70HY5DEcQYye8g?e=QhJk2k\" target=\"_blank\" rel=\"noreferrer noopener\">Logo<\/a><\/div>\n\n\n\n<div class=\"wp-block-button\"><a class=\"wp-block-button__link wp-element-button\" href=\"https:\/\/visitbodo.com\/content\/uploads\/sites\/17\/2025\/10\/Visit-Bodo-Colors.pdf\" target=\"_blank\" rel=\"noreferrer noopener\">Profilfarger<\/a><\/div>\n<\/div>\n<\/div><\/div>\n\n\n\n<div class=\"wp-block-media-text alignwide has-media-on-the-right is-stacked-on-mobile is-image-fill\"><div class=\"wp-block-media-text__content\">\n<h2 class=\"wp-block-heading has-primary-dark-pink-color has-text-color\" id=\"h-logo-baerekraftig-reisemal\">Logo B\u00e6rekraftig reisem\u00e5l<\/h2>\n\n\n\n<p class=\"wp-block-paragraph\">Bod\u00f8 er merket som b\u00e6rekraftig reisem\u00e5l. Dette er et kvalitetsstempel som viser at reisem\u00e5let oppfyller strenge krav til b\u00e6rekraftig utvikling.<\/p>\n\n\n\n<p class=\"wp-block-paragraph\">Hvis din bedrift er\u00a0partner i Visit Bod\u00f8\u00a0og er milj\u00f8merket gjennom Milj\u00f8fyrt\u00e5rn eller andre sertifiseringer, kan du bruke b\u00e6rekraftsmerket i egen markedsf\u00f8ring.<\/p>\n\n\n\n<p class=\"wp-block-paragraph\">For mer informasjon om bruk av merket kontakt Carina Dreyer Salater,\u00a0<a href=\"mailto:carina@visitbodo.com\">carina@visitbodo.com<\/a><\/p>\n\n\n\n<div class=\"wp-block-buttons is-layout-flex wp-block-buttons-is-layout-flex\">\n<div class=\"wp-block-button\"><a class=\"wp-block-button__link wp-element-button\" href=\"https:\/\/visitbodo-my.sharepoint.com\/:f:\/p\/julie\/EiEAHNskg8hJmmH8V_uxDI8B8dEcT_Uw70HY5DEcQYye8g?e=QhJk2k\" target=\"_blank\" rel=\"noreferrer noopener\">Logo<\/a><\/div>\n<\/div>\n<\/div><figure class=\"wp-block-media-text__media\" style=\"background-image:url(https:\/\/visitbodo.com\/content\/uploads\/sites\/17\/2025\/10\/Baerekraftig-reisemal_Dan-Mariner-scaled.jpg);background-position:50% 50%\"><img decoding=\"async\" srcset=\"https:\/\/v.imgi.no\/visitbodo-16893-bc70f896d7f267180ef37107ce336d97-150x107\/2025_10_baerekraftig-reisemal_dan-mariner.jpg 150w, https:\/\/v.imgi.no\/visitbodo-16893-bc70f896d7f267180ef37107ce336d97-300x214\/2025_10_baerekraftig-reisemal_dan-mariner.jpg 300w, https:\/\/v.imgi.no\/visitbodo-16893-bc70f896d7f267180ef37107ce336d97-768x548\/2025_10_baerekraftig-reisemal_dan-mariner.jpg 768w, https:\/\/v.imgi.no\/visitbodo-16893-bc70f896d7f267180ef37107ce336d97-1024x731\/2025_10_baerekraftig-reisemal_dan-mariner.jpg 1024w, https:\/\/v.imgi.no\/visitbodo-16893-bc70f896d7f267180ef37107ce336d97-1536x1097\/2025_10_baerekraftig-reisemal_dan-mariner.jpg 1536w, https:\/\/v.imgi.no\/visitbodo-16893-bc70f896d7f267180ef37107ce336d97-2048x1463\/2025_10_baerekraftig-reisemal_dan-mariner.jpg 2048w, https:\/\/v.imgi.no\/visitbodo-16893-bc70f896d7f267180ef37107ce336d97-1176x839\/2025_10_baerekraftig-reisemal_dan-mariner.jpg 1176w, https:\/\/v.imgi.no\/visitbodo-16893-bc70f896d7f267180ef37107ce336d97-1920x1371\/2025_10_baerekraftig-reisemal_dan-mariner.jpg 1920w\" sizes=\"(max-width: 2048px) 100vw, 2048px\" src=\"https:\/\/visitbodo.com\/content\/uploads\/sites\/17\/2025\/10\/Baerekraftig-reisemal_Dan-Mariner-scaled.jpg\" alt=\"\" class=\"imageshop-document-id-7841749 wp-image-16893 size-full\"\/><\/figure><\/div>\n\n\n\n<div class=\"wp-block-media-text alignwide is-stacked-on-mobile is-image-fill\"><figure class=\"wp-block-media-text__media\" style=\"background-image:url(https:\/\/v.imgi.no\/visitbodo-8859-536ade9514e6db2ca4ce72dabce08ace-4134x2756\/visitbodo_karolineoapettersen129.jpg);background-position:50% 50%\"><img decoding=\"async\" srcset=\"https:\/\/v.imgi.no\/visitbodo-8859-536ade9514e6db2ca4ce72dabce08ace-150x100\/visitbodo_karolineoapettersen129.jpg 150w, https:\/\/v.imgi.no\/visitbodo-8859-536ade9514e6db2ca4ce72dabce08ace-300x200\/visitbodo_karolineoapettersen129.jpg 300w, https:\/\/v.imgi.no\/visitbodo-8859-536ade9514e6db2ca4ce72dabce08ace-768x512\/visitbodo_karolineoapettersen129.jpg 768w, https:\/\/v.imgi.no\/visitbodo-8859-536ade9514e6db2ca4ce72dabce08ace-1024x683\/visitbodo_karolineoapettersen129.jpg 1024w, https:\/\/v.imgi.no\/visitbodo-8859-536ade9514e6db2ca4ce72dabce08ace-1536x1024\/visitbodo_karolineoapettersen129.jpg 1536w, https:\/\/v.imgi.no\/visitbodo-8859-536ade9514e6db2ca4ce72dabce08ace-2048x1365\/visitbodo_karolineoapettersen129.jpg 2048w, https:\/\/v.imgi.no\/visitbodo-8859-536ade9514e6db2ca4ce72dabce08ace-1176x784\/visitbodo_karolineoapettersen129.jpg 1176w, https:\/\/v.imgi.no\/visitbodo-8859-536ade9514e6db2ca4ce72dabce08ace-1920x1280\/visitbodo_karolineoapettersen129.jpg 1920w\" sizes=\"(max-width: 2048px) 100vw, 2048px\" src=\"https:\/\/v.imgi.no\/visitbodo-8859-536ade9514e6db2ca4ce72dabce08ace-4134x2756\/visitbodo_karolineoapettersen129.jpg\" alt=\"Sommer p\u00e5 Nordskot\" class=\"imageshop-document-id-2458793 wp-image-8859 size-full\"\/><span class=\"t2-image-credit\">\n\t\t\t\t<button type=\"button\" class=\"t2-image-credit-toggle\" aria-expanded=\"false\" aria-controls=\"image-credit\" aria-label=\"Toggle image credit\"><svg xmlns=\"http:\/\/www.w3.org\/2000\/svg\" viewBox=\"0 0 24 24\" height=\"24\" width=\"24\" class=\"t2-icon t2-icon-info\" aria-hidden=\"true\" focusable=\"false\"><path d=\"M12 17c.3 0 .5-.1.7-.3s.3-.4.3-.7v-4c0-.3-.1-.5-.3-.7-.2-.2-.4-.3-.7-.3s-.5.1-.7.3c-.2.2-.3.4-.3.7v4c0 .3.1.5.3.7s.4.3.7.3zm0-8c.3 0 .5-.1.7-.3.2-.2.3-.4.3-.7 0-.3-.1-.5-.3-.7-.2-.2-.4-.3-.7-.3s-.5.1-.7.3c-.2.2-.3.4-.3.7 0 .3.1.5.3.7.2.2.4.3.7.3zm0 13c-1.4 0-2.7-.3-3.9-.8-1.2-.5-2.3-1.2-3.2-2.1s-1.6-2-2.1-3.2S2 13.4 2 12s.3-2.7.8-3.9S4 5.8 4.9 4.9s2-1.6 3.2-2.1S10.6 2 12 2s2.7.3 3.9.8 2.3 1.2 3.2 2.1 1.6 2 2.1 3.2c.5 1.2.8 2.5.8 3.9s-.3 2.7-.8 3.9c-.5 1.2-1.2 2.3-2.1 3.2s-2 1.6-3.2 2.1c-1.2.5-2.5.8-3.9.8z\" fill=\"currentColor\" \/><\/svg><\/button>\n\t\t\t\t<span class=\"t2-image-credit-text wp-element-caption\" id=\"image-credit\" hidden>Karoline O. A. Pettersen<\/span>\n\t\t\t<\/span><\/figure><div class=\"wp-block-media-text__content\">\n<h2 class=\"wp-block-heading has-primary-dark-pink-color has-text-color\" id=\"h-mediebank\">Mediebank<\/h2>\n\n\n\n<p class=\"wp-block-paragraph\">I Visit Bod\u00f8s mediebank finner du bilder og video som kan brukes i markedsf\u00f8ring av Bod\u00f8 &amp; Salten som destinasjon, samfunn og n\u00e6ring.<\/p>\n\n\n\n<p class=\"wp-block-paragraph\">Innholdet kan brukes i promotering med hensyn \u00e5 skape omd\u00f8mme om Bod\u00f8 &amp; Salten som et godt sted \u00e5 bo, bes\u00f8ke, jobbe og studere.<\/p>\n\n\n\n<div class=\"wp-block-buttons is-layout-flex wp-block-buttons-is-layout-flex\">\n<div class=\"wp-block-button\"><a class=\"wp-block-button__link wp-element-button\" href=\"https:\/\/visitbodo.imageshop.no\/1116573\" target=\"_blank\" rel=\"noreferrer noopener\">Til mediebanken<\/a><\/div>\n<\/div>\n<\/div><\/div>\n","protected":false},"excerpt":{"rendered":"","protected":false},"author":10,"featured_media":7596,"parent":0,"menu_order":0,"comment_status":"closed","ping_status":"closed","template":"","meta":{"_trash_the_other_posts":false,"t2_hide_was_this_helpful":false,"vlb_sustainable_destination_logo":false,"vlb_green_travel_logo":false,"vlb_location_geodata_lat":0,"vlb_location_geodata_lng":0,"editor_notices":[],"footnotes":""},"cbis_category":[],"cbis_attribute":[],"destination_cat":[],"season_cat":[],"topic_cat":[],"target-audience":[],"class_list":["post-16857","page","type-page","status-publish","has-post-thumbnail","hentry"],"yoast_head":"<!-- This site is optimized with the Yoast SEO Premium plugin v21.9 (Yoast SEO v21.9.1) - https:\/\/yoast.com\/wordpress\/plugins\/seo\/ -->\n<title>Verkt\u00f8y - Bransjenett<\/title>\n<meta name=\"description\" content=\"Her finner du verkt\u00f8y og materiell til egen kommunikasjon og markedsf\u00f8ring\" \/>\n<meta name=\"robots\" content=\"index, follow, max-snippet:-1, max-image-preview:large, max-video-preview:-1\" \/>\n<link rel=\"canonical\" href=\"https:\/\/visitbodo.com\/bransjenett\/verktoy\/\" \/>\n<meta property=\"og:locale\" content=\"nb_NO\" \/>\n<meta property=\"og:type\" content=\"article\" \/>\n<meta property=\"og:title\" content=\"Verkt\u00f8y\" \/>\n<meta property=\"og:description\" content=\"Her finner du verkt\u00f8y og materiell til egen kommunikasjon og markedsf\u00f8ring\" \/>\n<meta property=\"og:url\" content=\"https:\/\/visitbodo.com\/bransjenett\/verktoy\/\" \/>\n<meta property=\"og:site_name\" content=\"Bransjenett\" \/>\n<meta property=\"article:modified_time\" content=\"2025-10-27T12:20:12+00:00\" \/>\n<meta property=\"og:image\" content=\"https:\/\/v.imgi.no\/visitbodo-7596-57d40db8327a02fcdec370c7103e1f0b-1024x683\/2023_01_3a9a9662_-dan-mariner-scaled.jpg\" \/>\n\t<meta property=\"og:image:width\" content=\"1024\" \/>\n\t<meta property=\"og:image:height\" content=\"683\" \/>\n\t<meta property=\"og:image:type\" content=\"image\/jpeg\" \/><meta property=\"og:image\" content=\"https:\/\/v.imgi.no\/visitbodo-7596-57d40db8327a02fcdec370c7103e1f0b-1176x784\/2023_01_3a9a9662_-dan-mariner-scaled.jpg\" \/>\n<meta name=\"twitter:card\" content=\"summary_large_image\" \/>\n<meta name=\"twitter:label1\" content=\"Ansl. lesetid\" \/>\n\t<meta name=\"twitter:data1\" content=\"2 minutter\" \/>\n<script type=\"application\/ld+json\" class=\"yoast-schema-graph\">{\"@context\":\"https:\/\/schema.org\",\"@graph\":[{\"@type\":\"WebPage\",\"@id\":\"https:\/\/visitbodo.com\/bransjenett\/verktoy\/\",\"url\":\"https:\/\/visitbodo.com\/bransjenett\/verktoy\/\",\"name\":\"Verkt\u00f8y - Bransjenett\",\"isPartOf\":{\"@id\":\"https:\/\/visitbodo.com\/bransjenett\/#website\"},\"datePublished\":\"2025-10-27T10:44:28+00:00\",\"dateModified\":\"2025-10-27T12:20:12+00:00\",\"description\":\"Her finner du verkt\u00f8y og materiell til egen kommunikasjon og markedsf\u00f8ring\",\"breadcrumb\":{\"@id\":\"https:\/\/visitbodo.com\/bransjenett\/verktoy\/#breadcrumb\"},\"inLanguage\":\"nb-NO\",\"potentialAction\":[{\"@type\":\"ReadAction\",\"target\":[\"https:\/\/visitbodo.com\/bransjenett\/verktoy\/\"]}]},{\"@type\":\"BreadcrumbList\",\"@id\":\"https:\/\/visitbodo.com\/bransjenett\/verktoy\/#breadcrumb\",\"itemListElement\":[{\"@type\":\"ListItem\",\"position\":1,\"name\":\"Home\",\"item\":\"https:\/\/visitbodo.com\/bransjenett\/\"},{\"@type\":\"ListItem\",\"position\":2,\"name\":\"Verkt\u00f8y\"}]},{\"@type\":\"WebSite\",\"@id\":\"https:\/\/visitbodo.com\/bransjenett\/#website\",\"url\":\"https:\/\/visitbodo.com\/bransjenett\/\",\"name\":\"Bransjenett\",\"description\":\"Visit Bod\u00f8 Bransjenett - for reiselivsn\u00e6ringen i Bod\u00f8 &amp; Salten\",\"publisher\":{\"@id\":\"https:\/\/visitbodo.com\/bransjenett\/#organization\"},\"potentialAction\":[{\"@type\":\"SearchAction\",\"target\":{\"@type\":\"EntryPoint\",\"urlTemplate\":\"https:\/\/visitbodo.com\/bransjenett\/?s={search_term_string}\"},\"query-input\":\"required name=search_term_string\"}],\"inLanguage\":\"nb-NO\"},{\"@type\":\"Organization\",\"@id\":\"https:\/\/visitbodo.com\/bransjenett\/#organization\",\"name\":\"Bransjenett\",\"url\":\"https:\/\/visitbodo.com\/bransjenett\/\",\"logo\":{\"@type\":\"ImageObject\",\"inLanguage\":\"nb-NO\",\"@id\":\"https:\/\/visitbodo.com\/bransjenett\/#\/schema\/logo\/image\/\",\"url\":\"https:\/\/v.imgi.no\/visitbodo-16257-d30ee3fec75d9ae0d56e1a07ec7663ca-330x159\/logo_winter_negative.jpg\",\"contentUrl\":\"https:\/\/v.imgi.no\/visitbodo-16257-d30ee3fec75d9ae0d56e1a07ec7663ca-330x159\/logo_winter_negative.jpg\",\"caption\":\"Bransjenett\"},\"image\":{\"@id\":\"https:\/\/visitbodo.com\/bransjenett\/#\/schema\/logo\/image\/\"}}]}<\/script>\n<!-- \/ Yoast SEO Premium plugin. -->","yoast_head_json":{"title":"Verkt\u00f8y - Bransjenett","description":"Her finner du verkt\u00f8y og materiell til egen kommunikasjon og markedsf\u00f8ring","robots":{"index":"index","follow":"follow","max-snippet":"max-snippet:-1","max-image-preview":"max-image-preview:large","max-video-preview":"max-video-preview:-1"},"canonical":"https:\/\/visitbodo.com\/bransjenett\/verktoy\/","og_locale":"nb_NO","og_type":"article","og_title":"Verkt\u00f8y","og_description":"Her finner du verkt\u00f8y og materiell til egen kommunikasjon og markedsf\u00f8ring","og_url":"https:\/\/visitbodo.com\/bransjenett\/verktoy\/","og_site_name":"Bransjenett","article_modified_time":"2025-10-27T12:20:12+00:00","og_image":[{"url":"https:\/\/v.imgi.no\/visitbodo-7596-57d40db8327a02fcdec370c7103e1f0b-1024x683\/2023_01_3a9a9662_-dan-mariner-scaled.jpg","width":1024,"height":683,"type":"image\/jpeg"},{"url":"https:\/\/v.imgi.no\/visitbodo-7596-57d40db8327a02fcdec370c7103e1f0b-1176x784\/2023_01_3a9a9662_-dan-mariner-scaled.jpg"}],"twitter_card":"summary_large_image","twitter_misc":{"Ansl. lesetid":"2 minutter"},"schema":{"@context":"https:\/\/schema.org","@graph":[{"@type":"WebPage","@id":"https:\/\/visitbodo.com\/bransjenett\/verktoy\/","url":"https:\/\/visitbodo.com\/bransjenett\/verktoy\/","name":"Verkt\u00f8y - Bransjenett","isPartOf":{"@id":"https:\/\/visitbodo.com\/bransjenett\/#website"},"datePublished":"2025-10-27T10:44:28+00:00","dateModified":"2025-10-27T12:20:12+00:00","description":"Her finner du verkt\u00f8y og materiell til egen kommunikasjon og markedsf\u00f8ring","breadcrumb":{"@id":"https:\/\/visitbodo.com\/bransjenett\/verktoy\/#breadcrumb"},"inLanguage":"nb-NO","potentialAction":[{"@type":"ReadAction","target":["https:\/\/visitbodo.com\/bransjenett\/verktoy\/"]}]},{"@type":"BreadcrumbList","@id":"https:\/\/visitbodo.com\/bransjenett\/verktoy\/#breadcrumb","itemListElement":[{"@type":"ListItem","position":1,"name":"Home","item":"https:\/\/visitbodo.com\/bransjenett\/"},{"@type":"ListItem","position":2,"name":"Verkt\u00f8y"}]},{"@type":"WebSite","@id":"https:\/\/visitbodo.com\/bransjenett\/#website","url":"https:\/\/visitbodo.com\/bransjenett\/","name":"Bransjenett","description":"Visit Bod\u00f8 Bransjenett - for reiselivsn\u00e6ringen i Bod\u00f8 &amp; Salten","publisher":{"@id":"https:\/\/visitbodo.com\/bransjenett\/#organization"},"potentialAction":[{"@type":"SearchAction","target":{"@type":"EntryPoint","urlTemplate":"https:\/\/visitbodo.com\/bransjenett\/?s={search_term_string}"},"query-input":"required name=search_term_string"}],"inLanguage":"nb-NO"},{"@type":"Organization","@id":"https:\/\/visitbodo.com\/bransjenett\/#organization","name":"Bransjenett","url":"https:\/\/visitbodo.com\/bransjenett\/","logo":{"@type":"ImageObject","inLanguage":"nb-NO","@id":"https:\/\/visitbodo.com\/bransjenett\/#\/schema\/logo\/image\/","url":"https:\/\/v.imgi.no\/visitbodo-16257-d30ee3fec75d9ae0d56e1a07ec7663ca-330x159\/logo_winter_negative.jpg","contentUrl":"https:\/\/v.imgi.no\/visitbodo-16257-d30ee3fec75d9ae0d56e1a07ec7663ca-330x159\/logo_winter_negative.jpg","caption":"Bransjenett"},"image":{"@id":"https:\/\/visitbodo.com\/bransjenett\/#\/schema\/logo\/image\/"}}]}},"_links":{"self":[{"href":"https:\/\/visitbodo.com\/bransjenett\/wp-json\/wp\/v2\/pages\/16857","targetHints":{"allow":["GET"]}}],"collection":[{"href":"https:\/\/visitbodo.com\/bransjenett\/wp-json\/wp\/v2\/pages"}],"about":[{"href":"https:\/\/visitbodo.com\/bransjenett\/wp-json\/wp\/v2\/types\/page"}],"author":[{"embeddable":true,"href":"https:\/\/visitbodo.com\/bransjenett\/wp-json\/wp\/v2\/users\/10"}],"replies":[{"embeddable":true,"href":"https:\/\/visitbodo.com\/bransjenett\/wp-json\/wp\/v2\/comments?post=16857"}],"version-history":[{"count":7,"href":"https:\/\/visitbodo.com\/bransjenett\/wp-json\/wp\/v2\/pages\/16857\/revisions"}],"predecessor-version":[{"id":16901,"href":"https:\/\/visitbodo.com\/bransjenett\/wp-json\/wp\/v2\/pages\/16857\/revisions\/16901"}],"wp:featuredmedia":[{"embeddable":true,"href":"https:\/\/visitbodo.com\/bransjenett\/wp-json\/wp\/v2\/media\/7596"}],"wp:attachment":[{"href":"https:\/\/visitbodo.com\/bransjenett\/wp-json\/wp\/v2\/media?parent=16857"}],"wp:term":[{"taxonomy":"cbis_category","embeddable":true,"href":"https:\/\/visitbodo.com\/bransjenett\/wp-json\/wp\/v2\/cbis_category?post=16857"},{"taxonomy":"cbis_attribute","embeddable":true,"href":"https:\/\/visitbodo.com\/bransjenett\/wp-json\/wp\/v2\/cbis_attribute?post=16857"},{"taxonomy":"destination_cat","embeddable":true,"href":"https:\/\/visitbodo.com\/bransjenett\/wp-json\/wp\/v2\/destination_cat?post=16857"},{"taxonomy":"season_cat","embeddable":true,"href":"https:\/\/visitbodo.com\/bransjenett\/wp-json\/wp\/v2\/season_cat?post=16857"},{"taxonomy":"topic_cat","embeddable":true,"href":"https:\/\/visitbodo.com\/bransjenett\/wp-json\/wp\/v2\/topic_cat?post=16857"},{"taxonomy":"target-audience","embeddable":true,"href":"https:\/\/visitbodo.com\/bransjenett\/wp-json\/wp\/v2\/target-audience?post=16857"}],"curies":[{"name":"wp","href":"https:\/\/api.w.org\/{rel}","templated":true}]}}